{"id":1714,"date":"2024-03-04T14:26:47","date_gmt":"2024-03-04T14:26:47","guid":{"rendered":"https:\/\/valmartin.com\/our-products\/"},"modified":"2025-05-12T07:39:29","modified_gmt":"2025-05-12T07:39:29","slug":"our-products","status":"publish","type":"page","link":"https:\/\/valmartin.com\/en\/our-products\/","title":{"rendered":"Our products"},"content":{"rendered":"<div class=\"yoast-breadcrumbs\"><span><span><a href=\"https:\/\/valmartin.com\/en\/\">Accueil<\/a><\/span> \u2192 <span class=\"breadcrumb_last\" aria-current=\"page\">Our products<\/span><\/span><\/div>\n<h1 class=\"wp-block-heading has-text-align-center\">Our products<\/h1>\n\n<section id=\"gamme\" class=\"wp-block-group alignwide bloc-gamme is-layout-flow wp-block-group-is-layout-flow\">\n<div class=\"wp-block-columns is-layout-flex wp-container-core-columns-is-layout-28f84493 wp-block-columns-is-layout-flex\">\n<div class=\"wp-block-column is-layout-flow wp-block-column-is-layout-flow\">\n<figure class=\"wp-block-image size-full is-resized\"><img loading=\"lazy\" decoding=\"async\" width=\"1080\" height=\"1253\" src=\"https:\/\/valmartin.com\/wp-content\/uploads\/2024\/03\/emmental.webp\" alt=\"\" class=\"wp-image-669\" style=\"width:227px;height:auto\" srcset=\"https:\/\/valmartin.com\/wp-content\/uploads\/2024\/03\/emmental.webp 1080w, https:\/\/valmartin.com\/wp-content\/uploads\/2024\/03\/emmental-259x300.webp 259w, https:\/\/valmartin.com\/wp-content\/uploads\/2024\/03\/emmental-883x1024.webp 883w, https:\/\/valmartin.com\/wp-content\/uploads\/2024\/03\/emmental-768x891.webp 768w\" sizes=\"auto, (max-width: 1080px) 100vw, 1080px\" \/><\/figure>\n\n\n\n<h3 class=\"wp-block-heading\">Emmental<\/h3>\n\n\n\n<div class=\"wp-block-buttons is-layout-flex wp-block-buttons-is-layout-flex\">\n<div class=\"wp-block-button\"><a class=\"wp-block-button__link wp-element-button\" href=\"https:\/\/valmartin.com\/en\/?page_id=1724\">Discover<\/a><\/div>\n<\/div>\n<\/div>\n\n\n\n<div class=\"wp-block-column is-layout-flow wp-block-column-is-layout-flow\">\n<figure class=\"wp-block-image size-full is-resized\"><img loading=\"lazy\" decoding=\"async\" width=\"1080\" height=\"1253\" src=\"https:\/\/valmartin.com\/wp-content\/uploads\/2024\/03\/mozzarella.webp\" alt=\"\" class=\"wp-image-670\" style=\"width:227px;height:auto\" srcset=\"https:\/\/valmartin.com\/wp-content\/uploads\/2024\/03\/mozzarella.webp 1080w, https:\/\/valmartin.com\/wp-content\/uploads\/2024\/03\/mozzarella-259x300.webp 259w, https:\/\/valmartin.com\/wp-content\/uploads\/2024\/03\/mozzarella-883x1024.webp 883w, https:\/\/valmartin.com\/wp-content\/uploads\/2024\/03\/mozzarella-768x891.webp 768w\" sizes=\"auto, (max-width: 1080px) 100vw, 1080px\" \/><\/figure>\n\n\n\n<h3 class=\"wp-block-heading\">Mozzarella<\/h3>\n\n\n\n<div class=\"wp-block-buttons is-layout-flex wp-block-buttons-is-layout-flex\">\n<div class=\"wp-block-button\"><a class=\"wp-block-button__link wp-element-button\" href=\"https:\/\/valmartin.com\/en\/?page_id=1770\">Discover<\/a><\/div>\n<\/div>\n<\/div>\n\n\n\n<div class=\"wp-block-column is-layout-flow wp-block-column-is-layout-flow\">\n<figure class=\"wp-block-image size-full is-resized\"><img loading=\"lazy\" decoding=\"async\" width=\"1080\" height=\"1253\" src=\"https:\/\/valmartin.com\/wp-content\/uploads\/2024\/03\/duo-mix.webp\" alt=\"\" class=\"wp-image-747\" style=\"width:227px;height:auto\" srcset=\"https:\/\/valmartin.com\/wp-content\/uploads\/2024\/03\/duo-mix.webp 1080w, https:\/\/valmartin.com\/wp-content\/uploads\/2024\/03\/duo-mix-259x300.webp 259w, https:\/\/valmartin.com\/wp-content\/uploads\/2024\/03\/duo-mix-883x1024.webp 883w, https:\/\/valmartin.com\/wp-content\/uploads\/2024\/03\/duo-mix-768x891.webp 768w\" sizes=\"auto, (max-width: 1080px) 100vw, 1080px\" \/><\/figure>\n\n\n\n<h3 class=\"wp-block-heading\">Duo-Mix\u00ae<\/h3>\n\n\n\n<div class=\"wp-block-buttons is-layout-flex wp-block-buttons-is-layout-flex\">\n<div class=\"wp-block-button\"><a class=\"wp-block-button__link wp-element-button\" href=\"https:\/\/valmartin.com\/en\/?page_id=1773\">Discover<\/a><\/div>\n<\/div>\n<\/div>\n\n\n\n<div class=\"wp-block-column is-layout-flow wp-block-column-is-layout-flow\">\n<figure class=\"wp-block-image size-full is-resized\"><img loading=\"lazy\" decoding=\"async\" width=\"517\" height=\"600\" src=\"https:\/\/valmartin.com\/wp-content\/uploads\/2024\/04\/rape-du-cremier-valmartin.webp\" alt=\"\" class=\"wp-image-1094\" style=\"width:227px;height:auto\" srcset=\"https:\/\/valmartin.com\/wp-content\/uploads\/2024\/04\/rape-du-cremier-valmartin.webp 517w, https:\/\/valmartin.com\/wp-content\/uploads\/2024\/04\/rape-du-cremier-valmartin-259x300.webp 259w\" sizes=\"auto, (max-width: 517px) 100vw, 517px\" \/><\/figure>\n\n\n\n<h3 class=\"wp-block-heading\">Le R\u00e2p\u00e9 du Cr\u00e9mier<\/h3>\n\n\n\n<div class=\"wp-block-buttons is-layout-flex wp-block-buttons-is-layout-flex\">\n<div class=\"wp-block-button\"><a class=\"wp-block-button__link wp-element-button\" href=\"https:\/\/valmartin.com\/en\/?page_id=1748\">Discover<\/a><\/div>\n<\/div>\n<\/div>\n<\/div>\n<\/section>\n","protected":false},"excerpt":{"rendered":"<p>Our products<\/p>\n","protected":false},"author":4,"featured_media":0,"parent":0,"menu_order":0,"comment_status":"closed","ping_status":"closed","template":"page-no-title","meta":{"footnotes":""},"class_list":["post-1714","page","type-page","status-publish","hentry"],"yoast_head":"<!-- This site is optimized with the Yoast SEO plugin v25.0 - https:\/\/yoast.com\/wordpress\/plugins\/seo\/ -->\n<title>Our products - Valmartin<\/title>\n<meta name=\"robots\" content=\"index, follow, max-snippet:-1, max-image-preview:large, max-video-preview:-1\" \/>\n<link rel=\"canonical\" href=\"https:\/\/valmartin.com\/en\/our-products\/\" \/>\n<meta property=\"og:locale\" content=\"en_US\" \/>\n<meta property=\"og:type\" content=\"article\" \/>\n<meta property=\"og:title\" content=\"Our products - Valmartin\" \/>\n<meta property=\"og:description\" content=\"Our products\" \/>\n<meta property=\"og:url\" content=\"https:\/\/valmartin.com\/en\/our-products\/\" \/>\n<meta property=\"og:site_name\" content=\"Valmartin\" \/>\n<meta property=\"article:modified_time\" content=\"2025-05-12T07:39:29+00:00\" \/>\n<meta name=\"twitter:card\" content=\"summary_large_image\" \/>\n<script type=\"application\/ld+json\" class=\"yoast-schema-graph\">{\"@context\":\"https:\/\/schema.org\",\"@graph\":[{\"@type\":\"WebPage\",\"@id\":\"https:\/\/valmartin.com\/en\/our-products\/\",\"url\":\"https:\/\/valmartin.com\/en\/our-products\/\",\"name\":\"Our products - Valmartin\",\"isPartOf\":{\"@id\":\"https:\/\/valmartin.com\/en\/#website\"},\"datePublished\":\"2024-03-04T14:26:47+00:00\",\"dateModified\":\"2025-05-12T07:39:29+00:00\",\"breadcrumb\":{\"@id\":\"https:\/\/valmartin.com\/en\/our-products\/#breadcrumb\"},\"inLanguage\":\"en-US\",\"potentialAction\":[{\"@type\":\"ReadAction\",\"target\":[\"https:\/\/valmartin.com\/en\/our-products\/\"]}]},{\"@type\":\"BreadcrumbList\",\"@id\":\"https:\/\/valmartin.com\/en\/our-products\/#breadcrumb\",\"itemListElement\":[{\"@type\":\"ListItem\",\"position\":1,\"name\":\"Accueil\",\"item\":\"https:\/\/valmartin.com\/en\/\"},{\"@type\":\"ListItem\",\"position\":2,\"name\":\"Our products\"}]},{\"@type\":\"WebSite\",\"@id\":\"https:\/\/valmartin.com\/en\/#website\",\"url\":\"https:\/\/valmartin.com\/en\/\",\"name\":\"Valmartin\",\"description\":\"\",\"publisher\":{\"@id\":\"https:\/\/valmartin.com\/en\/#organization\"},\"potentialAction\":[{\"@type\":\"SearchAction\",\"target\":{\"@type\":\"EntryPoint\",\"urlTemplate\":\"https:\/\/valmartin.com\/en\/?s={search_term_string}\"},\"query-input\":{\"@type\":\"PropertyValueSpecification\",\"valueRequired\":true,\"valueName\":\"search_term_string\"}}],\"inLanguage\":\"en-US\"},{\"@type\":\"Organization\",\"@id\":\"https:\/\/valmartin.com\/en\/#organization\",\"name\":\"Valmartin\",\"url\":\"https:\/\/valmartin.com\/en\/\",\"logo\":{\"@type\":\"ImageObject\",\"inLanguage\":\"en-US\",\"@id\":\"https:\/\/valmartin.com\/en\/#\/schema\/logo\/image\/\",\"url\":\"https:\/\/valmartin.com\/wp-content\/uploads\/2024\/03\/Logo-Valmartin-1.webp\",\"contentUrl\":\"https:\/\/valmartin.com\/wp-content\/uploads\/2024\/03\/Logo-Valmartin-1.webp\",\"width\":1109,\"height\":632,\"caption\":\"Valmartin\"},\"image\":{\"@id\":\"https:\/\/valmartin.com\/en\/#\/schema\/logo\/image\/\"}}]}<\/script>\n<!-- \/ Yoast SEO plugin. -->","yoast_head_json":{"title":"Our products - Valmartin","robots":{"index":"index","follow":"follow","max-snippet":"max-snippet:-1","max-image-preview":"max-image-preview:large","max-video-preview":"max-video-preview:-1"},"canonical":"https:\/\/valmartin.com\/en\/our-products\/","og_locale":"en_US","og_type":"article","og_title":"Our products - Valmartin","og_description":"Our products","og_url":"https:\/\/valmartin.com\/en\/our-products\/","og_site_name":"Valmartin","article_modified_time":"2025-05-12T07:39:29+00:00","twitter_card":"summary_large_image","schema":{"@context":"https:\/\/schema.org","@graph":[{"@type":"WebPage","@id":"https:\/\/valmartin.com\/en\/our-products\/","url":"https:\/\/valmartin.com\/en\/our-products\/","name":"Our products - Valmartin","isPartOf":{"@id":"https:\/\/valmartin.com\/en\/#website"},"datePublished":"2024-03-04T14:26:47+00:00","dateModified":"2025-05-12T07:39:29+00:00","breadcrumb":{"@id":"https:\/\/valmartin.com\/en\/our-products\/#breadcrumb"},"inLanguage":"en-US","potentialAction":[{"@type":"ReadAction","target":["https:\/\/valmartin.com\/en\/our-products\/"]}]},{"@type":"BreadcrumbList","@id":"https:\/\/valmartin.com\/en\/our-products\/#breadcrumb","itemListElement":[{"@type":"ListItem","position":1,"name":"Accueil","item":"https:\/\/valmartin.com\/en\/"},{"@type":"ListItem","position":2,"name":"Our products"}]},{"@type":"WebSite","@id":"https:\/\/valmartin.com\/en\/#website","url":"https:\/\/valmartin.com\/en\/","name":"Valmartin","description":"","publisher":{"@id":"https:\/\/valmartin.com\/en\/#organization"},"potentialAction":[{"@type":"SearchAction","target":{"@type":"EntryPoint","urlTemplate":"https:\/\/valmartin.com\/en\/?s={search_term_string}"},"query-input":{"@type":"PropertyValueSpecification","valueRequired":true,"valueName":"search_term_string"}}],"inLanguage":"en-US"},{"@type":"Organization","@id":"https:\/\/valmartin.com\/en\/#organization","name":"Valmartin","url":"https:\/\/valmartin.com\/en\/","logo":{"@type":"ImageObject","inLanguage":"en-US","@id":"https:\/\/valmartin.com\/en\/#\/schema\/logo\/image\/","url":"https:\/\/valmartin.com\/wp-content\/uploads\/2024\/03\/Logo-Valmartin-1.webp","contentUrl":"https:\/\/valmartin.com\/wp-content\/uploads\/2024\/03\/Logo-Valmartin-1.webp","width":1109,"height":632,"caption":"Valmartin"},"image":{"@id":"https:\/\/valmartin.com\/en\/#\/schema\/logo\/image\/"}}]}},"_links":{"self":[{"href":"https:\/\/valmartin.com\/en\/wp-json\/wp\/v2\/pages\/1714","targetHints":{"allow":["GET"]}}],"collection":[{"href":"https:\/\/valmartin.com\/en\/wp-json\/wp\/v2\/pages"}],"about":[{"href":"https:\/\/valmartin.com\/en\/wp-json\/wp\/v2\/types\/page"}],"author":[{"embeddable":true,"href":"https:\/\/valmartin.com\/en\/wp-json\/wp\/v2\/users\/4"}],"replies":[{"embeddable":true,"href":"https:\/\/valmartin.com\/en\/wp-json\/wp\/v2\/comments?post=1714"}],"version-history":[{"count":2,"href":"https:\/\/valmartin.com\/en\/wp-json\/wp\/v2\/pages\/1714\/revisions"}],"predecessor-version":[{"id":1716,"href":"https:\/\/valmartin.com\/en\/wp-json\/wp\/v2\/pages\/1714\/revisions\/1716"}],"wp:attachment":[{"href":"https:\/\/valmartin.com\/en\/wp-json\/wp\/v2\/media?parent=1714"}],"curies":[{"name":"wp","href":"https:\/\/api.w.org\/{rel}","templated":true}]}}