{"id":1724,"date":"2024-02-21T12:00:24","date_gmt":"2024-02-21T11:00:24","guid":{"rendered":"https:\/\/valmartin.com\/our-products\/emmental\/"},"modified":"2026-02-26T16:24:49","modified_gmt":"2026-02-26T15:24:49","slug":"emmental","status":"publish","type":"page","link":"https:\/\/valmartin.com\/en\/our-products\/emmental\/","title":{"rendered":"Emmental"},"content":{"rendered":"\n<section id=\"title-prod\" class=\"wp-block-group has-global-padding is-layout-constrained wp-container-core-group-is-layout-fd9b688b wp-block-group-is-layout-constrained\" style=\"padding-left:0\"><div class=\"yoast-breadcrumbs\"><span><span><a href=\"https:\/\/valmartin.com\/en\/\">Accueil<\/a><\/span> \u2192 <span><a href=\"https:\/\/valmartin.com\/en\/nos-produits\/\">Our products<\/a><\/span> \u2192 <span class=\"breadcrumb_last\" aria-current=\"page\">Emmental<\/span><\/span><\/div>\n\n\n<h1 class=\"wp-block-heading has-text-align-center\">Emmental<\/h1>\n<\/section>\n\n<p class=\"has-text-align-center\" style=\"padding-top:0;padding-bottom:var(--wp--preset--spacing--40)\">Our Valmartin Emmental is produced in our own cheese dairy using milk from our own pastures (some of which is organic). This is the key to a fruity Emmental of consistent quality, perfectly suited to a wide range of Food service uses. <\/p>\n\n<section class=\"wp-block-group alignwide has-global-padding is-layout-constrained wp-block-group-is-layout-constrained\">\n<div class=\"wp-block-columns bloc-highlights alignwide is-layout-flex wp-container-core-columns-is-layout-28f84493 wp-block-columns-is-layout-flex\">\n<div class=\"wp-block-column is-layout-flow wp-block-column-is-layout-flow\">\n<figure class=\"wp-block-image size-full is-resized\"><img loading=\"lazy\" decoding=\"async\" width=\"523\" height=\"460\" src=\"https:\/\/valmartin.com\/wp-content\/uploads\/2024\/03\/Groupe-261.png\" alt=\"Grated Emmental cheese\" class=\"wp-image-765\" style=\"width:auto;height:373px\" srcset=\"https:\/\/valmartin.com\/wp-content\/uploads\/2024\/03\/Groupe-261.png 523w, https:\/\/valmartin.com\/wp-content\/uploads\/2024\/03\/Groupe-261-300x264.png 300w\" sizes=\"auto, (max-width: 523px) 100vw, 523px\" \/><\/figure>\n\n\n\n<h2 class=\"wp-block-heading\">Grated Emmental<\/h2>\n\n\n\n<p>Available in :  <\/p>\n\n\n\n<ul class=\"wp-block-list\">\n<li>1 to 5kg bag<\/li>\n<\/ul>\n\n\n\n<p>Types of cut :\n<\/p>\n\n\n\n<ul class=\"wp-block-list\">\n<li>grated fine 1.6mm<\/li>\n\n\n\n<li>standard 2.2mm<\/li>\n\n\n\n<li>large 3.2mm<\/li>\n\n\n\n<li>dice 10x10x10mm<\/li>\n<\/ul>\n<\/div>\n\n\n\n<div class=\"wp-block-column is-layout-flow wp-block-column-is-layout-flow\">\n<figure class=\"wp-block-image size-full is-resized\"><img loading=\"lazy\" decoding=\"async\" width=\"372\" height=\"460\" src=\"https:\/\/valmartin.com\/wp-content\/uploads\/2024\/04\/Groupe-262.jpg\" alt=\"Sliced Emmental cheese\" class=\"wp-image-1101\" style=\"width:auto;height:373px\" srcset=\"https:\/\/valmartin.com\/wp-content\/uploads\/2024\/04\/Groupe-262.jpg 372w, https:\/\/valmartin.com\/wp-content\/uploads\/2024\/04\/Groupe-262-243x300.jpg 243w\" sizes=\"auto, (max-width: 372px) 100vw, 372px\" \/><\/figure>\n\n\n\n<h2 class=\"wp-block-heading\">Emmental Slices<\/h2>\n\n\n\n<p>Available in :  <\/p>\n\n\n\n<ul class=\"wp-block-list\">\n<li>standard 500g tub  <\/li>\n\n\n\n<li>1kg  <\/li>\n\n\n\n<li>or scored 2x250g<\/li>\n<\/ul>\n\n\n\n<p>Slices available in :  <\/p>\n\n\n\n<ul class=\"wp-block-list\">\n<li>15g<\/li>\n\n\n\n<li>20g<\/li>\n\n\n\n<li>baguette format 5x15cm<\/li>\n\n\n\n<li>croque-monsieur 9x9cm<\/li>\n<\/ul>\n<\/div>\n\n\n\n<div class=\"wp-block-column is-layout-flow wp-block-column-is-layout-flow\">\n<figure class=\"wp-block-image size-full is-resized\"><img loading=\"lazy\" decoding=\"async\" width=\"419\" height=\"460\" src=\"https:\/\/valmartin.com\/wp-content\/uploads\/2024\/03\/Groupe-263.png\" alt=\"Emmental block  \" class=\"wp-image-764\" style=\"width:auto;height:373px\" srcset=\"https:\/\/valmartin.com\/wp-content\/uploads\/2024\/03\/Groupe-263.png 419w, https:\/\/valmartin.com\/wp-content\/uploads\/2024\/03\/Groupe-263-273x300.png 273w\" sizes=\"auto, (max-width: 419px) 100vw, 419px\" \/><\/figure>\n\n\n\n<h2 class=\"wp-block-heading\">Emmental Block<\/h2>\n\n\n\n<p>Available in various formats:<\/p>\n\n\n\n<ul class=\"wp-block-list\">\n<li>2-3kg<\/li>\n\n\n\n<li>3-4kg<\/li>\n<\/ul>\n<\/div>\n<\/div>\n<\/section>\n\n<h2 class=\"wp-block-heading has-text-align-center is-style-default\" style=\"padding-top:var(--wp--preset--spacing--60);padding-bottom:var(--wp--preset--spacing--30)\">You&#8217;ll also like<\/h2>\n\n<div class=\"wp-block-group has-global-padding is-layout-constrained wp-block-group-is-layout-constrained\">\n<div class=\"wp-block-columns alignwide is-layout-flex wp-container-core-columns-is-layout-28f84493 wp-block-columns-is-layout-flex\">\n<div class=\"wp-block-column is-layout-flow wp-block-column-is-layout-flow\" style=\"flex-basis:440px\">\n<figure class=\"wp-block-image size-full\"><img loading=\"lazy\" decoding=\"async\" width=\"440\" height=\"368\" src=\"https:\/\/valmartin.com\/wp-content\/uploads\/2024\/04\/Valmartin-Duo-Mix-1KG.png\" alt=\"Emmental duo-mix\" class=\"wp-image-873\" style=\"object-fit:cover\" srcset=\"https:\/\/valmartin.com\/wp-content\/uploads\/2024\/04\/Valmartin-Duo-Mix-1KG.png 440w, https:\/\/valmartin.com\/wp-content\/uploads\/2024\/04\/Valmartin-Duo-Mix-1KG-300x251.png 300w\" sizes=\"auto, (max-width: 440px) 100vw, 440px\" \/><\/figure>\n\n\n\n<h5 class=\"wp-block-heading has-text-align-center\">Duo-Mix\u00ae<\/h5>\n\n\n\n<div class=\"wp-block-buttons is-content-justification-center is-layout-flex wp-container-core-buttons-is-layout-a89b3969 wp-block-buttons-is-layout-flex\">\n<div class=\"wp-block-button\"><a class=\"wp-block-button__link wp-element-button\" href=\"https:\/\/valmartin.com\/en\/our-products\/duo-mix\/\">Discover<\/a><\/div>\n<\/div>\n<\/div>\n\n\n\n<div class=\"wp-block-column is-layout-flow wp-block-column-is-layout-flow\" style=\"flex-basis:60px\"><\/div>\n\n\n\n<div class=\"wp-block-column is-layout-flow wp-block-column-is-layout-flow\" style=\"flex-basis:440px\">\n<figure class=\"wp-block-image size-full\"><img loading=\"lazy\" decoding=\"async\" width=\"440\" height=\"368\" src=\"https:\/\/valmartin.com\/wp-content\/uploads\/2024\/04\/Rape-du-Cremier-1KG.png\" alt=\"Shredded Emmental cheese from the creamery\" class=\"wp-image-1090\" style=\"object-fit:cover\" srcset=\"https:\/\/valmartin.com\/wp-content\/uploads\/2024\/04\/Rape-du-Cremier-1KG.png 440w, https:\/\/valmartin.com\/wp-content\/uploads\/2024\/04\/Rape-du-Cremier-1KG-300x251.png 300w\" sizes=\"auto, (max-width: 440px) 100vw, 440px\" \/><\/figure>\n\n\n\n<h5 class=\"wp-block-heading has-text-align-center\">Le R\u00e2p\u00e9 du Cr\u00e9mier<\/h5>\n\n\n\n<div class=\"wp-block-buttons is-content-justification-center is-layout-flex wp-container-core-buttons-is-layout-a89b3969 wp-block-buttons-is-layout-flex\">\n<div class=\"wp-block-button\"><a class=\"wp-block-button__link wp-element-button\" href=\"https:\/\/valmartin.com\/en\/our-products\/le-rape-du-cremier\/\">Discover<\/a><\/div>\n<\/div>\n<\/div>\n<\/div>\n<\/div>\n\n<section class=\"wp-block-group alignfull bg-elm-decorations has-global-padding is-content-justification-center is-layout-constrained wp-container-core-group-is-layout-5311c082 wp-block-group-is-layout-constrained has-background\" id=\"block-contact\" style=\"padding-right:var(--wp--preset--spacing--50);padding-left:var(--wp--preset--spacing--50);background-image:url(&#039;https:\/\/valmartin.com\/wp-content\/uploads\/2024\/03\/Groupe-228.png&#039;);background-size:cover;\">\n<div class=\"wp-block-group has-white-color has-text-color has-link-color wp-elements-1673f035b117e437d6c052f0bb2b2fc9 has-global-padding is-content-justification-left is-layout-constrained wp-container-core-group-is-layout-b5f38b39 wp-block-group-is-layout-constrained\" style=\"padding-right:0;padding-left:0\">\n<div class=\"wp-block-group has-white-color has-text-color has-link-color wp-elements-5c80d3200f1ce50086da426dcb980e33 is-vertical is-layout-flex wp-container-core-group-is-layout-364890b2 wp-block-group-is-layout-flex\" style=\"min-height:620px;padding-top:var(--wp--preset--spacing--50);padding-right:0;padding-bottom:var(--wp--preset--spacing--50);padding-left:0\">\n<h3 class=\"wp-block-heading has-text-align-left is-style-default has-white-color has-link-color\" style=\"text-transform: uppercase;\">Contact<\/h3>\n\n\n\n<p class=\"has-white-color has-link-color\">Need more information about our products? Don&#8217;t hesitate to contact us. We&#8217;ll get back to you as soon as possible!  <\/p>\n\n\n\n<div class=\"wp-block-buttons is-layout-flex wp-block-buttons-is-layout-flex\">\n<div class=\"wp-block-button btn-primary\"><a class=\"wp-block-button__link wp-element-button\" href=\"https:\/\/valmartin.com\/en\/?page_id=1705\">CONTACT US<\/a><\/div>\n<\/div>\n<\/div>\n<\/div>\n<\/section>\n","protected":false},"excerpt":{"rendered":"<p>Emmental Our Valmartin Emmental is produced in our own cheese dairy using milk from our own pastures (some of which is organic). This is the key to a fruity Emmental of consistent quality, perfectly suited to a wide range of Food service uses. Grated Emmental Available in : Types of cut : Emmental Slices Available [&hellip;]<\/p>\n","protected":false},"author":2,"featured_media":1545,"parent":1714,"menu_order":0,"comment_status":"closed","ping_status":"closed","template":"page-no-title","meta":{"footnotes":""},"class_list":["post-1724","page","type-page","status-publish","has-post-thumbnail","hentry"],"yoast_head":"<!-- This site is optimized with the Yoast SEO plugin v25.0 - https:\/\/yoast.com\/wordpress\/plugins\/seo\/ -->\n<title>Emmental grated, sliced, block - Valmartin<\/title>\n<meta name=\"description\" content=\"Emmental Our Valmartin Emmental is produced in our own cheese dairy using milk from our own pastures (some of which is organic). This is the key to a\" \/>\n<meta name=\"robots\" content=\"index, follow, max-snippet:-1, max-image-preview:large, max-video-preview:-1\" \/>\n<link rel=\"canonical\" href=\"https:\/\/valmartin.com\/en\/our-products\/emmental\/\" \/>\n<meta property=\"og:locale\" content=\"en_US\" \/>\n<meta property=\"og:type\" content=\"article\" \/>\n<meta property=\"og:title\" content=\"Emmental grated, sliced, block - Valmartin\" \/>\n<meta property=\"og:description\" content=\"Emmental Our Valmartin Emmental is produced in our own cheese dairy using milk from our own pastures (some of which is organic). This is the key to a\" \/>\n<meta property=\"og:url\" content=\"https:\/\/valmartin.com\/en\/our-products\/emmental\/\" \/>\n<meta property=\"og:site_name\" content=\"Valmartin\" \/>\n<meta property=\"article:modified_time\" content=\"2026-02-26T15:24:49+00:00\" \/>\n<meta property=\"og:image\" content=\"https:\/\/valmartin.com\/wp-content\/uploads\/2024\/03\/Groupe-261.png\" \/>\n\t<meta property=\"og:image:width\" content=\"523\" \/>\n\t<meta property=\"og:image:height\" content=\"460\" \/>\n\t<meta property=\"og:image:type\" content=\"image\/png\" \/>\n<meta name=\"twitter:card\" content=\"summary_large_image\" \/>\n<meta name=\"twitter:label1\" content=\"Est. reading time\" \/>\n\t<meta name=\"twitter:data1\" content=\"1 minute\" \/>\n<script type=\"application\/ld+json\" class=\"yoast-schema-graph\">{\"@context\":\"https:\/\/schema.org\",\"@graph\":[{\"@type\":\"WebPage\",\"@id\":\"https:\/\/valmartin.com\/en\/our-products\/emmental\/\",\"url\":\"https:\/\/valmartin.com\/en\/our-products\/emmental\/\",\"name\":\"Emmental grated, sliced, block - Valmartin\",\"isPartOf\":{\"@id\":\"https:\/\/valmartin.com\/en\/#website\"},\"primaryImageOfPage\":{\"@id\":\"https:\/\/valmartin.com\/en\/our-products\/emmental\/#primaryimage\"},\"image\":{\"@id\":\"https:\/\/valmartin.com\/en\/our-products\/emmental\/#primaryimage\"},\"thumbnailUrl\":\"https:\/\/valmartin.com\/wp-content\/uploads\/2024\/03\/Groupe-261.png\",\"datePublished\":\"2024-02-21T11:00:24+00:00\",\"dateModified\":\"2026-02-26T15:24:49+00:00\",\"description\":\"Emmental Our Valmartin Emmental is produced in our own cheese dairy using milk from our own pastures (some of which is organic). This is the key to a\",\"breadcrumb\":{\"@id\":\"https:\/\/valmartin.com\/en\/our-products\/emmental\/#breadcrumb\"},\"inLanguage\":\"en-US\",\"potentialAction\":[{\"@type\":\"ReadAction\",\"target\":[\"https:\/\/valmartin.com\/en\/our-products\/emmental\/\"]}]},{\"@type\":\"ImageObject\",\"inLanguage\":\"en-US\",\"@id\":\"https:\/\/valmartin.com\/en\/our-products\/emmental\/#primaryimage\",\"url\":\"https:\/\/valmartin.com\/wp-content\/uploads\/2024\/03\/Groupe-261.png\",\"contentUrl\":\"https:\/\/valmartin.com\/wp-content\/uploads\/2024\/03\/Groupe-261.png\",\"width\":523,\"height\":460},{\"@type\":\"BreadcrumbList\",\"@id\":\"https:\/\/valmartin.com\/en\/our-products\/emmental\/#breadcrumb\",\"itemListElement\":[{\"@type\":\"ListItem\",\"position\":1,\"name\":\"Accueil\",\"item\":\"https:\/\/valmartin.com\/en\/\"},{\"@type\":\"ListItem\",\"position\":2,\"name\":\"Our products\",\"item\":\"https:\/\/valmartin.com\/en\/nos-produits\/\"},{\"@type\":\"ListItem\",\"position\":3,\"name\":\"Emmental\"}]},{\"@type\":\"WebSite\",\"@id\":\"https:\/\/valmartin.com\/en\/#website\",\"url\":\"https:\/\/valmartin.com\/en\/\",\"name\":\"Valmartin\",\"description\":\"\",\"publisher\":{\"@id\":\"https:\/\/valmartin.com\/en\/#organization\"},\"potentialAction\":[{\"@type\":\"SearchAction\",\"target\":{\"@type\":\"EntryPoint\",\"urlTemplate\":\"https:\/\/valmartin.com\/en\/?s={search_term_string}\"},\"query-input\":{\"@type\":\"PropertyValueSpecification\",\"valueRequired\":true,\"valueName\":\"search_term_string\"}}],\"inLanguage\":\"en-US\"},{\"@type\":\"Organization\",\"@id\":\"https:\/\/valmartin.com\/en\/#organization\",\"name\":\"Valmartin\",\"url\":\"https:\/\/valmartin.com\/en\/\",\"logo\":{\"@type\":\"ImageObject\",\"inLanguage\":\"en-US\",\"@id\":\"https:\/\/valmartin.com\/en\/#\/schema\/logo\/image\/\",\"url\":\"https:\/\/valmartin.com\/wp-content\/uploads\/2024\/03\/Logo-Valmartin-1.webp\",\"contentUrl\":\"https:\/\/valmartin.com\/wp-content\/uploads\/2024\/03\/Logo-Valmartin-1.webp\",\"width\":1109,\"height\":632,\"caption\":\"Valmartin\"},\"image\":{\"@id\":\"https:\/\/valmartin.com\/en\/#\/schema\/logo\/image\/\"}}]}<\/script>\n<!-- \/ Yoast SEO plugin. -->","yoast_head_json":{"title":"Emmental grated, sliced, block - Valmartin","description":"Emmental Our Valmartin Emmental is produced in our own cheese dairy using milk from our own pastures (some of which is organic). This is the key to a","robots":{"index":"index","follow":"follow","max-snippet":"max-snippet:-1","max-image-preview":"max-image-preview:large","max-video-preview":"max-video-preview:-1"},"canonical":"https:\/\/valmartin.com\/en\/our-products\/emmental\/","og_locale":"en_US","og_type":"article","og_title":"Emmental grated, sliced, block - Valmartin","og_description":"Emmental Our Valmartin Emmental is produced in our own cheese dairy using milk from our own pastures (some of which is organic). This is the key to a","og_url":"https:\/\/valmartin.com\/en\/our-products\/emmental\/","og_site_name":"Valmartin","article_modified_time":"2026-02-26T15:24:49+00:00","og_image":[{"width":523,"height":460,"url":"https:\/\/valmartin.com\/wp-content\/uploads\/2024\/03\/Groupe-261.png","type":"image\/png"}],"twitter_card":"summary_large_image","twitter_misc":{"Est. reading time":"1 minute"},"schema":{"@context":"https:\/\/schema.org","@graph":[{"@type":"WebPage","@id":"https:\/\/valmartin.com\/en\/our-products\/emmental\/","url":"https:\/\/valmartin.com\/en\/our-products\/emmental\/","name":"Emmental grated, sliced, block - Valmartin","isPartOf":{"@id":"https:\/\/valmartin.com\/en\/#website"},"primaryImageOfPage":{"@id":"https:\/\/valmartin.com\/en\/our-products\/emmental\/#primaryimage"},"image":{"@id":"https:\/\/valmartin.com\/en\/our-products\/emmental\/#primaryimage"},"thumbnailUrl":"https:\/\/valmartin.com\/wp-content\/uploads\/2024\/03\/Groupe-261.png","datePublished":"2024-02-21T11:00:24+00:00","dateModified":"2026-02-26T15:24:49+00:00","description":"Emmental Our Valmartin Emmental is produced in our own cheese dairy using milk from our own pastures (some of which is organic). This is the key to a","breadcrumb":{"@id":"https:\/\/valmartin.com\/en\/our-products\/emmental\/#breadcrumb"},"inLanguage":"en-US","potentialAction":[{"@type":"ReadAction","target":["https:\/\/valmartin.com\/en\/our-products\/emmental\/"]}]},{"@type":"ImageObject","inLanguage":"en-US","@id":"https:\/\/valmartin.com\/en\/our-products\/emmental\/#primaryimage","url":"https:\/\/valmartin.com\/wp-content\/uploads\/2024\/03\/Groupe-261.png","contentUrl":"https:\/\/valmartin.com\/wp-content\/uploads\/2024\/03\/Groupe-261.png","width":523,"height":460},{"@type":"BreadcrumbList","@id":"https:\/\/valmartin.com\/en\/our-products\/emmental\/#breadcrumb","itemListElement":[{"@type":"ListItem","position":1,"name":"Accueil","item":"https:\/\/valmartin.com\/en\/"},{"@type":"ListItem","position":2,"name":"Our products","item":"https:\/\/valmartin.com\/en\/nos-produits\/"},{"@type":"ListItem","position":3,"name":"Emmental"}]},{"@type":"WebSite","@id":"https:\/\/valmartin.com\/en\/#website","url":"https:\/\/valmartin.com\/en\/","name":"Valmartin","description":"","publisher":{"@id":"https:\/\/valmartin.com\/en\/#organization"},"potentialAction":[{"@type":"SearchAction","target":{"@type":"EntryPoint","urlTemplate":"https:\/\/valmartin.com\/en\/?s={search_term_string}"},"query-input":{"@type":"PropertyValueSpecification","valueRequired":true,"valueName":"search_term_string"}}],"inLanguage":"en-US"},{"@type":"Organization","@id":"https:\/\/valmartin.com\/en\/#organization","name":"Valmartin","url":"https:\/\/valmartin.com\/en\/","logo":{"@type":"ImageObject","inLanguage":"en-US","@id":"https:\/\/valmartin.com\/en\/#\/schema\/logo\/image\/","url":"https:\/\/valmartin.com\/wp-content\/uploads\/2024\/03\/Logo-Valmartin-1.webp","contentUrl":"https:\/\/valmartin.com\/wp-content\/uploads\/2024\/03\/Logo-Valmartin-1.webp","width":1109,"height":632,"caption":"Valmartin"},"image":{"@id":"https:\/\/valmartin.com\/en\/#\/schema\/logo\/image\/"}}]}},"_links":{"self":[{"href":"https:\/\/valmartin.com\/en\/wp-json\/wp\/v2\/pages\/1724","targetHints":{"allow":["GET"]}}],"collection":[{"href":"https:\/\/valmartin.com\/en\/wp-json\/wp\/v2\/pages"}],"about":[{"href":"https:\/\/valmartin.com\/en\/wp-json\/wp\/v2\/types\/page"}],"author":[{"embeddable":true,"href":"https:\/\/valmartin.com\/en\/wp-json\/wp\/v2\/users\/2"}],"replies":[{"embeddable":true,"href":"https:\/\/valmartin.com\/en\/wp-json\/wp\/v2\/comments?post=1724"}],"version-history":[{"count":8,"href":"https:\/\/valmartin.com\/en\/wp-json\/wp\/v2\/pages\/1724\/revisions"}],"predecessor-version":[{"id":2117,"href":"https:\/\/valmartin.com\/en\/wp-json\/wp\/v2\/pages\/1724\/revisions\/2117"}],"up":[{"embeddable":true,"href":"https:\/\/valmartin.com\/en\/wp-json\/wp\/v2\/pages\/1714"}],"wp:featuredmedia":[{"embeddable":true,"href":"https:\/\/valmartin.com\/en\/wp-json\/wp\/v2\/media\/1545"}],"wp:attachment":[{"href":"https:\/\/valmartin.com\/en\/wp-json\/wp\/v2\/media?parent=1724"}],"curies":[{"name":"wp","href":"https:\/\/api.w.org\/{rel}","templated":true}]}}