{"id":1738,"date":"2024-03-08T10:05:30","date_gmt":"2024-03-08T10:05:30","guid":{"rendered":"https:\/\/valmartin.com\/out-of-home-catering\/"},"modified":"2025-05-12T07:39:46","modified_gmt":"2025-05-12T07:39:46","slug":"out-of-home-catering","status":"publish","type":"page","link":"https:\/\/valmartin.com\/en\/out-of-home-catering\/","title":{"rendered":"Out-of-home catering"},"content":{"rendered":"\n<section class=\"wp-block-cover alignfull is-light has-parallax has-custom-content-position is-position-top-left bloc-title\" style=\"margin-top:0;padding-top:5vw;padding-right:16vw;padding-bottom:5vw;padding-left:16vw;min-height:852px;aspect-ratio:unset;\"><span aria-hidden=\"true\" class=\"wp-block-cover__background has-black-background-color has-background-dim\"><\/span><div class=\"wp-block-cover__image-background wp-image-701 has-parallax\" style=\"background-position:50% 50%;background-image:url(https:\/\/valmartin.com\/wp-content\/uploads\/2024\/03\/visuel-rhf-scaled.webp)\"><\/div><div class=\"wp-block-cover__inner-container is-layout-flow wp-block-cover-is-layout-flow\"><div class=\"yoast-breadcrumbs\"><span><span><a href=\"https:\/\/valmartin.com\/en\/\">Accueil<\/a><\/span> \u2192 <span class=\"breadcrumb_last\" aria-current=\"page\">Out-of-home catering<\/span><\/span><\/div>\n\n\n<div class=\"wp-block-columns is-layout-flex wp-container-core-columns-is-layout-28f84493 wp-block-columns-is-layout-flex\">\n<div class=\"wp-block-column is-layout-flow wp-block-column-is-layout-flow\"><h1 class=\"has-text-align-center wp-block-post-title\">Out-of-home catering<\/h1><\/div>\n<\/div>\n\n\n\n<h2 class=\"wp-block-heading\">PARTNER TO FOODSERVICE PROFESSIONALS, VALMARTIN IS A BENCHMARK IN THE SECTOR<\/h2>\n\n\n\n<h4 class=\"wp-block-heading\">Our wide range of grated, julienne, sliced, diced and block products meets the requirements of all catering professionals: pizzerias, snack bars, bakeries and traditional restaurants. On the strength of these flagship products, Valmartin continues to innovate in response to market trends and your customers&#8217; expectations! <\/h4>\n<\/div><\/section>\n\n<div class=\"wp-block-group alignwide has-global-padding is-content-justification-left is-layout-constrained wp-container-core-group-is-layout-12dd3699 wp-block-group-is-layout-constrained\">\n<div class=\"wp-block-group is-vertical is-layout-flex wp-container-core-group-is-layout-fe9cc265 wp-block-group-is-layout-flex\">\n<h2 class=\"wp-block-heading has-text-align-left\" style=\"text-transform:uppercase\">OUR PRODUCT RANGE<\/h2>\n\n\n\n<hr class=\"wp-block-separator has-text-color has-accent-2-color has-alpha-channel-opacity has-accent-2-background-color has-background is-style-default\"\/>\n<\/div>\n<\/div>\n\n<section id=\"gamme\" class=\"wp-block-group alignwide bloc-gamme is-layout-flow wp-block-group-is-layout-flow\">\n<div class=\"wp-block-columns is-layout-flex wp-container-core-columns-is-layout-28f84493 wp-block-columns-is-layout-flex\">\n<div class=\"wp-block-column is-layout-flow wp-block-column-is-layout-flow\">\n<figure class=\"wp-block-image size-full is-resized\"><img loading=\"lazy\" decoding=\"async\" width=\"1080\" height=\"1253\" src=\"https:\/\/valmartin.com\/wp-content\/uploads\/2024\/03\/emmental.webp\" alt=\"\" class=\"wp-image-669\" style=\"width:227px;height:auto\" srcset=\"https:\/\/valmartin.com\/wp-content\/uploads\/2024\/03\/emmental.webp 1080w, https:\/\/valmartin.com\/wp-content\/uploads\/2024\/03\/emmental-259x300.webp 259w, https:\/\/valmartin.com\/wp-content\/uploads\/2024\/03\/emmental-883x1024.webp 883w, https:\/\/valmartin.com\/wp-content\/uploads\/2024\/03\/emmental-768x891.webp 768w\" sizes=\"auto, (max-width: 1080px) 100vw, 1080px\" \/><\/figure>\n\n\n\n<h3 class=\"wp-block-heading\">Emmental<\/h3>\n\n\n\n<div class=\"wp-block-buttons is-layout-flex wp-block-buttons-is-layout-flex\">\n<div class=\"wp-block-button\"><a class=\"wp-block-button__link wp-element-button\" href=\"https:\/\/valmartin.com\/en\/?page_id=1724\">Discover<\/a><\/div>\n<\/div>\n<\/div>\n\n\n\n<div class=\"wp-block-column is-layout-flow wp-block-column-is-layout-flow\">\n<figure class=\"wp-block-image size-full is-resized\"><img loading=\"lazy\" decoding=\"async\" width=\"1080\" height=\"1253\" src=\"https:\/\/valmartin.com\/wp-content\/uploads\/2024\/03\/mozzarella.webp\" alt=\"\" class=\"wp-image-670\" style=\"width:227px;height:auto\" srcset=\"https:\/\/valmartin.com\/wp-content\/uploads\/2024\/03\/mozzarella.webp 1080w, https:\/\/valmartin.com\/wp-content\/uploads\/2024\/03\/mozzarella-259x300.webp 259w, https:\/\/valmartin.com\/wp-content\/uploads\/2024\/03\/mozzarella-883x1024.webp 883w, https:\/\/valmartin.com\/wp-content\/uploads\/2024\/03\/mozzarella-768x891.webp 768w\" sizes=\"auto, (max-width: 1080px) 100vw, 1080px\" \/><\/figure>\n\n\n\n<h3 class=\"wp-block-heading\">Mozzarella<\/h3>\n\n\n\n<div class=\"wp-block-buttons is-layout-flex wp-block-buttons-is-layout-flex\">\n<div class=\"wp-block-button\"><a class=\"wp-block-button__link wp-element-button\" href=\"https:\/\/valmartin.com\/en\/?page_id=1770\">Discover<\/a><\/div>\n<\/div>\n<\/div>\n\n\n\n<div class=\"wp-block-column is-layout-flow wp-block-column-is-layout-flow\">\n<figure class=\"wp-block-image size-full is-resized\"><img loading=\"lazy\" decoding=\"async\" width=\"1080\" height=\"1253\" src=\"https:\/\/valmartin.com\/wp-content\/uploads\/2024\/03\/duo-mix.webp\" alt=\"\" class=\"wp-image-747\" style=\"width:227px;height:auto\" srcset=\"https:\/\/valmartin.com\/wp-content\/uploads\/2024\/03\/duo-mix.webp 1080w, https:\/\/valmartin.com\/wp-content\/uploads\/2024\/03\/duo-mix-259x300.webp 259w, https:\/\/valmartin.com\/wp-content\/uploads\/2024\/03\/duo-mix-883x1024.webp 883w, https:\/\/valmartin.com\/wp-content\/uploads\/2024\/03\/duo-mix-768x891.webp 768w\" sizes=\"auto, (max-width: 1080px) 100vw, 1080px\" \/><\/figure>\n\n\n\n<h3 class=\"wp-block-heading\">Duo-Mix\u00ae<\/h3>\n\n\n\n<div class=\"wp-block-buttons is-layout-flex wp-block-buttons-is-layout-flex\">\n<div class=\"wp-block-button\"><a class=\"wp-block-button__link wp-element-button\" href=\"https:\/\/valmartin.com\/en\/?page_id=1773\">Discover<\/a><\/div>\n<\/div>\n<\/div>\n\n\n\n<div class=\"wp-block-column is-layout-flow wp-block-column-is-layout-flow\">\n<figure class=\"wp-block-image size-full is-resized\"><img loading=\"lazy\" decoding=\"async\" width=\"517\" height=\"600\" src=\"https:\/\/valmartin.com\/wp-content\/uploads\/2024\/04\/rape-du-cremier-valmartin.webp\" alt=\"\" class=\"wp-image-1094\" style=\"width:227px;height:auto\" srcset=\"https:\/\/valmartin.com\/wp-content\/uploads\/2024\/04\/rape-du-cremier-valmartin.webp 517w, https:\/\/valmartin.com\/wp-content\/uploads\/2024\/04\/rape-du-cremier-valmartin-259x300.webp 259w\" sizes=\"auto, (max-width: 517px) 100vw, 517px\" \/><\/figure>\n\n\n\n<h3 class=\"wp-block-heading\">Le R\u00e2p\u00e9 du Cr\u00e9mier<\/h3>\n\n\n\n<div class=\"wp-block-buttons is-layout-flex wp-block-buttons-is-layout-flex\">\n<div class=\"wp-block-button\"><a class=\"wp-block-button__link wp-element-button\" href=\"https:\/\/valmartin.com\/en\/?page_id=1748\">Discover<\/a><\/div>\n<\/div>\n<\/div>\n<\/div>\n<\/section>\n\n<section class=\"wp-block-group alignwide quote is-layout-flow wp-block-group-is-layout-flow\">\n<p><\/p>\n\n\n\n<section class=\"wp-block-group alignwide quote is-layout-flow wp-block-group-is-layout-flow\">\n<blockquote class=\"wp-block-quote is-layout-flow wp-block-quote-is-layout-flow\">\n<figure class=\"wp-block-image size-full\"><img decoding=\"async\" src=\"https:\/\/valmartin.com\/wp-content\/uploads\/2024\/02\/Groupe-186.svg\" alt=\"Quotation marks\" class=\"wp-image-284\"\/><\/figure>\n\n\n\n<h2 class=\"wp-block-heading\">TESTIMONIAL<\/h2>\n\n\n\n<p>&#8220;As a pizzaiolo, the quality of the ingredients I use is paramount to my customers&#8217; satisfaction. That&#8217;s why I trust Valmartin for my cheeses. Their cheeses are of exceptional quality, which is reflected in the delicious taste of my pizzas. What&#8217;s more, the superior covering power of their products, such as Duo-mix, allows us to top our pizzas generously while saving money in the long run. The consistent quality of Valmartin&#8217;s products enables us to maintain high standards in our kitchens, which contributes to building customer loyalty. Thank you to the Valmartin teams for their commitment to excellence and customer satisfaction.&#8221;<\/p>\n<\/blockquote>\n<\/section>\n<\/section>\n\n<section class=\"wp-block-group alignfull bg-elm-decorations has-global-padding is-content-justification-center is-layout-constrained wp-container-core-group-is-layout-5311c082 wp-block-group-is-layout-constrained has-background\" id=\"block-contact\" style=\"padding-right:var(--wp--preset--spacing--50);padding-left:var(--wp--preset--spacing--50);background-image:url(&#039;https:\/\/valmartin.com\/wp-content\/uploads\/2024\/03\/Groupe-228.png&#039;);background-size:cover;\">\n<div class=\"wp-block-group has-white-color has-text-color has-link-color wp-elements-1673f035b117e437d6c052f0bb2b2fc9 has-global-padding is-content-justification-left is-layout-constrained wp-container-core-group-is-layout-b5f38b39 wp-block-group-is-layout-constrained\" style=\"padding-right:0;padding-left:0\">\n<div class=\"wp-block-group has-white-color has-text-color has-link-color wp-elements-5c80d3200f1ce50086da426dcb980e33 is-vertical is-layout-flex wp-container-core-group-is-layout-364890b2 wp-block-group-is-layout-flex\" style=\"min-height:620px;padding-top:var(--wp--preset--spacing--50);padding-right:0;padding-bottom:var(--wp--preset--spacing--50);padding-left:0\">\n<h3 class=\"wp-block-heading has-text-align-left is-style-default has-white-color has-link-color\" style=\"text-transform: uppercase;\">Contact<\/h3>\n\n\n\n<p class=\"has-white-color has-link-color\">Need more information about our products? Don&#8217;t hesitate to contact us. We&#8217;ll get back to you as soon as possible!  <\/p>\n\n\n\n<div class=\"wp-block-buttons is-layout-flex wp-block-buttons-is-layout-flex\">\n<div class=\"wp-block-button btn-primary\"><a class=\"wp-block-button__link wp-element-button\" href=\"https:\/\/valmartin.com\/en\/?page_id=1705\">CONTACT US<\/a><\/div>\n<\/div>\n<\/div>\n<\/div>\n<\/section>\n","protected":false},"excerpt":{"rendered":"<p>OUR PRODUCT RANGE TESTIMONIAL &#8220;As a pizzaiolo, the quality of the ingredients I use is paramount to my customers&#8217; satisfaction. That&#8217;s why I trust Valmartin for my cheeses. Their cheeses are of exceptional quality, which is reflected in the delicious taste of my pizzas. What&#8217;s more, the superior covering power of their products, such as [&hellip;]<\/p>\n","protected":false},"author":1,"featured_media":1577,"parent":0,"menu_order":0,"comment_status":"closed","ping_status":"closed","template":"page-no-title","meta":{"footnotes":""},"class_list":["post-1738","page","type-page","status-publish","has-post-thumbnail","hentry"],"yoast_head":"<!-- This site is optimized with the Yoast SEO plugin v25.0 - https:\/\/yoast.com\/wordpress\/plugins\/seo\/ -->\n<title>Our cheese range for foodservice - Valmartin<\/title>\n<meta name=\"description\" content=\"Valmartin, a partner for foodservice professionals. Discover our range of grated, sliced, diced and block cheeses.\" \/>\n<meta name=\"robots\" content=\"index, follow, max-snippet:-1, max-image-preview:large, max-video-preview:-1\" \/>\n<link rel=\"canonical\" href=\"https:\/\/valmartin.com\/en\/out-of-home-catering\/\" \/>\n<meta property=\"og:locale\" content=\"en_US\" \/>\n<meta property=\"og:type\" content=\"article\" \/>\n<meta property=\"og:title\" content=\"Our cheese range for foodservice - Valmartin\" \/>\n<meta property=\"og:description\" content=\"Valmartin, a partner for foodservice professionals. Discover our range of grated, sliced, diced and block cheeses.\" \/>\n<meta property=\"og:url\" content=\"https:\/\/valmartin.com\/en\/out-of-home-catering\/\" \/>\n<meta property=\"og:site_name\" content=\"Valmartin\" \/>\n<meta property=\"article:modified_time\" content=\"2025-05-12T07:39:46+00:00\" \/>\n<meta property=\"og:image\" content=\"https:\/\/valmartin.com\/wp-content\/uploads\/2024\/03\/Article-Packaging.jpg\" \/>\n\t<meta property=\"og:image:width\" content=\"640\" \/>\n\t<meta property=\"og:image:height\" content=\"720\" \/>\n\t<meta property=\"og:image:type\" content=\"image\/jpeg\" \/>\n<meta name=\"twitter:card\" content=\"summary_large_image\" \/>\n<meta name=\"twitter:label1\" content=\"Est. reading time\" \/>\n\t<meta name=\"twitter:data1\" content=\"1 minute\" \/>\n<script type=\"application\/ld+json\" class=\"yoast-schema-graph\">{\"@context\":\"https:\/\/schema.org\",\"@graph\":[{\"@type\":\"WebPage\",\"@id\":\"https:\/\/valmartin.com\/en\/out-of-home-catering\/\",\"url\":\"https:\/\/valmartin.com\/en\/out-of-home-catering\/\",\"name\":\"Our cheese range for foodservice - Valmartin\",\"isPartOf\":{\"@id\":\"https:\/\/valmartin.com\/en\/#website\"},\"primaryImageOfPage\":{\"@id\":\"https:\/\/valmartin.com\/en\/out-of-home-catering\/#primaryimage\"},\"image\":{\"@id\":\"https:\/\/valmartin.com\/en\/out-of-home-catering\/#primaryimage\"},\"thumbnailUrl\":\"https:\/\/valmartin.com\/wp-content\/uploads\/2024\/03\/Article-Packaging.jpg\",\"datePublished\":\"2024-03-08T10:05:30+00:00\",\"dateModified\":\"2025-05-12T07:39:46+00:00\",\"description\":\"Valmartin, a partner for foodservice professionals. Discover our range of grated, sliced, diced and block cheeses.\",\"breadcrumb\":{\"@id\":\"https:\/\/valmartin.com\/en\/out-of-home-catering\/#breadcrumb\"},\"inLanguage\":\"en-US\",\"potentialAction\":[{\"@type\":\"ReadAction\",\"target\":[\"https:\/\/valmartin.com\/en\/out-of-home-catering\/\"]}]},{\"@type\":\"ImageObject\",\"inLanguage\":\"en-US\",\"@id\":\"https:\/\/valmartin.com\/en\/out-of-home-catering\/#primaryimage\",\"url\":\"https:\/\/valmartin.com\/wp-content\/uploads\/2024\/03\/Article-Packaging.jpg\",\"contentUrl\":\"https:\/\/valmartin.com\/wp-content\/uploads\/2024\/03\/Article-Packaging.jpg\",\"width\":640,\"height\":720},{\"@type\":\"BreadcrumbList\",\"@id\":\"https:\/\/valmartin.com\/en\/out-of-home-catering\/#breadcrumb\",\"itemListElement\":[{\"@type\":\"ListItem\",\"position\":1,\"name\":\"Accueil\",\"item\":\"https:\/\/valmartin.com\/en\/\"},{\"@type\":\"ListItem\",\"position\":2,\"name\":\"Out-of-home catering\"}]},{\"@type\":\"WebSite\",\"@id\":\"https:\/\/valmartin.com\/en\/#website\",\"url\":\"https:\/\/valmartin.com\/en\/\",\"name\":\"Valmartin\",\"description\":\"\",\"publisher\":{\"@id\":\"https:\/\/valmartin.com\/en\/#organization\"},\"potentialAction\":[{\"@type\":\"SearchAction\",\"target\":{\"@type\":\"EntryPoint\",\"urlTemplate\":\"https:\/\/valmartin.com\/en\/?s={search_term_string}\"},\"query-input\":{\"@type\":\"PropertyValueSpecification\",\"valueRequired\":true,\"valueName\":\"search_term_string\"}}],\"inLanguage\":\"en-US\"},{\"@type\":\"Organization\",\"@id\":\"https:\/\/valmartin.com\/en\/#organization\",\"name\":\"Valmartin\",\"url\":\"https:\/\/valmartin.com\/en\/\",\"logo\":{\"@type\":\"ImageObject\",\"inLanguage\":\"en-US\",\"@id\":\"https:\/\/valmartin.com\/en\/#\/schema\/logo\/image\/\",\"url\":\"https:\/\/valmartin.com\/wp-content\/uploads\/2024\/03\/Logo-Valmartin-1.webp\",\"contentUrl\":\"https:\/\/valmartin.com\/wp-content\/uploads\/2024\/03\/Logo-Valmartin-1.webp\",\"width\":1109,\"height\":632,\"caption\":\"Valmartin\"},\"image\":{\"@id\":\"https:\/\/valmartin.com\/en\/#\/schema\/logo\/image\/\"}}]}<\/script>\n<!-- \/ Yoast SEO plugin. -->","yoast_head_json":{"title":"Our cheese range for foodservice - Valmartin","description":"Valmartin, a partner for foodservice professionals. Discover our range of grated, sliced, diced and block cheeses.","robots":{"index":"index","follow":"follow","max-snippet":"max-snippet:-1","max-image-preview":"max-image-preview:large","max-video-preview":"max-video-preview:-1"},"canonical":"https:\/\/valmartin.com\/en\/out-of-home-catering\/","og_locale":"en_US","og_type":"article","og_title":"Our cheese range for foodservice - Valmartin","og_description":"Valmartin, a partner for foodservice professionals. Discover our range of grated, sliced, diced and block cheeses.","og_url":"https:\/\/valmartin.com\/en\/out-of-home-catering\/","og_site_name":"Valmartin","article_modified_time":"2025-05-12T07:39:46+00:00","og_image":[{"width":640,"height":720,"url":"https:\/\/valmartin.com\/wp-content\/uploads\/2024\/03\/Article-Packaging.jpg","type":"image\/jpeg"}],"twitter_card":"summary_large_image","twitter_misc":{"Est. reading time":"1 minute"},"schema":{"@context":"https:\/\/schema.org","@graph":[{"@type":"WebPage","@id":"https:\/\/valmartin.com\/en\/out-of-home-catering\/","url":"https:\/\/valmartin.com\/en\/out-of-home-catering\/","name":"Our cheese range for foodservice - Valmartin","isPartOf":{"@id":"https:\/\/valmartin.com\/en\/#website"},"primaryImageOfPage":{"@id":"https:\/\/valmartin.com\/en\/out-of-home-catering\/#primaryimage"},"image":{"@id":"https:\/\/valmartin.com\/en\/out-of-home-catering\/#primaryimage"},"thumbnailUrl":"https:\/\/valmartin.com\/wp-content\/uploads\/2024\/03\/Article-Packaging.jpg","datePublished":"2024-03-08T10:05:30+00:00","dateModified":"2025-05-12T07:39:46+00:00","description":"Valmartin, a partner for foodservice professionals. Discover our range of grated, sliced, diced and block cheeses.","breadcrumb":{"@id":"https:\/\/valmartin.com\/en\/out-of-home-catering\/#breadcrumb"},"inLanguage":"en-US","potentialAction":[{"@type":"ReadAction","target":["https:\/\/valmartin.com\/en\/out-of-home-catering\/"]}]},{"@type":"ImageObject","inLanguage":"en-US","@id":"https:\/\/valmartin.com\/en\/out-of-home-catering\/#primaryimage","url":"https:\/\/valmartin.com\/wp-content\/uploads\/2024\/03\/Article-Packaging.jpg","contentUrl":"https:\/\/valmartin.com\/wp-content\/uploads\/2024\/03\/Article-Packaging.jpg","width":640,"height":720},{"@type":"BreadcrumbList","@id":"https:\/\/valmartin.com\/en\/out-of-home-catering\/#breadcrumb","itemListElement":[{"@type":"ListItem","position":1,"name":"Accueil","item":"https:\/\/valmartin.com\/en\/"},{"@type":"ListItem","position":2,"name":"Out-of-home catering"}]},{"@type":"WebSite","@id":"https:\/\/valmartin.com\/en\/#website","url":"https:\/\/valmartin.com\/en\/","name":"Valmartin","description":"","publisher":{"@id":"https:\/\/valmartin.com\/en\/#organization"},"potentialAction":[{"@type":"SearchAction","target":{"@type":"EntryPoint","urlTemplate":"https:\/\/valmartin.com\/en\/?s={search_term_string}"},"query-input":{"@type":"PropertyValueSpecification","valueRequired":true,"valueName":"search_term_string"}}],"inLanguage":"en-US"},{"@type":"Organization","@id":"https:\/\/valmartin.com\/en\/#organization","name":"Valmartin","url":"https:\/\/valmartin.com\/en\/","logo":{"@type":"ImageObject","inLanguage":"en-US","@id":"https:\/\/valmartin.com\/en\/#\/schema\/logo\/image\/","url":"https:\/\/valmartin.com\/wp-content\/uploads\/2024\/03\/Logo-Valmartin-1.webp","contentUrl":"https:\/\/valmartin.com\/wp-content\/uploads\/2024\/03\/Logo-Valmartin-1.webp","width":1109,"height":632,"caption":"Valmartin"},"image":{"@id":"https:\/\/valmartin.com\/en\/#\/schema\/logo\/image\/"}}]}},"_links":{"self":[{"href":"https:\/\/valmartin.com\/en\/wp-json\/wp\/v2\/pages\/1738","targetHints":{"allow":["GET"]}}],"collection":[{"href":"https:\/\/valmartin.com\/en\/wp-json\/wp\/v2\/pages"}],"about":[{"href":"https:\/\/valmartin.com\/en\/wp-json\/wp\/v2\/types\/page"}],"author":[{"embeddable":true,"href":"https:\/\/valmartin.com\/en\/wp-json\/wp\/v2\/users\/1"}],"replies":[{"embeddable":true,"href":"https:\/\/valmartin.com\/en\/wp-json\/wp\/v2\/comments?post=1738"}],"version-history":[{"count":2,"href":"https:\/\/valmartin.com\/en\/wp-json\/wp\/v2\/pages\/1738\/revisions"}],"predecessor-version":[{"id":1740,"href":"https:\/\/valmartin.com\/en\/wp-json\/wp\/v2\/pages\/1738\/revisions\/1740"}],"wp:featuredmedia":[{"embeddable":true,"href":"https:\/\/valmartin.com\/en\/wp-json\/wp\/v2\/media\/1577"}],"wp:attachment":[{"href":"https:\/\/valmartin.com\/en\/wp-json\/wp\/v2\/media?parent=1738"}],"curies":[{"name":"wp","href":"https:\/\/api.w.org\/{rel}","templated":true}]}}