{"id":1748,"date":"2024-04-12T14:29:51","date_gmt":"2024-04-12T14:29:51","guid":{"rendered":"https:\/\/valmartin.com\/our-products\/le-rape-du-cremier\/"},"modified":"2025-05-12T07:39:53","modified_gmt":"2025-05-12T07:39:53","slug":"le-rape-du-cremier","status":"publish","type":"page","link":"https:\/\/valmartin.com\/en\/our-products\/le-rape-du-cremier\/","title":{"rendered":"Le R\u00e2p\u00e9 du Cr\u00e9mier"},"content":{"rendered":"\n<div id=\"title-prod\" class=\"wp-block-group has-global-padding is-layout-constrained wp-block-group-is-layout-constrained\"><div class=\"yoast-breadcrumbs\"><span><span><a href=\"https:\/\/valmartin.com\/en\/\">Accueil<\/a><\/span> \u2192 <span><a href=\"https:\/\/valmartin.com\/en\/nos-produits\/\">Our products<\/a><\/span> \u2192 <span class=\"breadcrumb_last\" aria-current=\"page\">Le R\u00e2p\u00e9 du Cr\u00e9mier<\/span><\/span><\/div>\n\n\n<h1 class=\"wp-block-heading has-text-align-center\">Le R\u00e2p\u00e9 du Cr\u00e9mier<\/h1>\n<\/div>\n\n<p class=\"has-text-align-center\">Much more than just a grated cheese, R\u00e2p\u00e9 du Cr\u00e9mier was conceived and developed by Valmartin to meet the needs of customers looking for an economical alternative to Emmenthal, without compromising on quality.<\/p>\n\n<p class=\"has-text-align-center\">The star ingredient for all your gourmet creations! In a gratin or on pizza. <\/p>\n\n<section class=\"wp-block-group has-global-padding is-content-justification-center is-layout-constrained wp-block-group-is-layout-constrained\">\n<figure class=\"wp-block-image size-full\"><img loading=\"lazy\" decoding=\"async\" width=\"1067\" height=\"736\" src=\"https:\/\/valmartin.com\/wp-content\/uploads\/2024\/04\/Rape-du-Cremier-rape.png\" alt=\"\" class=\"wp-image-1096\" srcset=\"https:\/\/valmartin.com\/wp-content\/uploads\/2024\/04\/Rape-du-Cremier-rape.png 1067w, https:\/\/valmartin.com\/wp-content\/uploads\/2024\/04\/Rape-du-Cremier-rape-300x207.png 300w, https:\/\/valmartin.com\/wp-content\/uploads\/2024\/04\/Rape-du-Cremier-rape-1024x706.png 1024w, https:\/\/valmartin.com\/wp-content\/uploads\/2024\/04\/Rape-du-Cremier-rape-768x530.png 768w\" sizes=\"auto, (max-width: 1067px) 100vw, 1067px\" \/><\/figure>\n<\/section>\n\n<div class=\"wp-block-columns is-layout-flex wp-container-core-columns-is-layout-28f84493 wp-block-columns-is-layout-flex\">\n<div class=\"wp-block-column is-layout-flow wp-block-column-is-layout-flow\" style=\"flex-basis:25%\"><\/div>\n\n\n\n<div class=\"wp-block-column is-layout-flow wp-block-column-is-layout-flow\" style=\"flex-basis:60%\">\n<p class=\"has-text-align-left\">Available in :<\/p>\n\n\n\n<ul class=\"is-style-default wp-block-list\">\n<li>500g and 1 kg bags<\/li>\n\n\n\n<li>standard grated 2.2mm<\/li>\n<\/ul>\n<\/div>\n\n\n\n<div class=\"wp-block-column is-layout-flow wp-block-column-is-layout-flow\" style=\"flex-basis:25%\"><\/div>\n<\/div>\n\n<h2 class=\"wp-block-heading has-text-align-center is-style-default\" style=\"padding-top:var(--wp--preset--spacing--60);padding-bottom:var(--wp--preset--spacing--30)\">You&#8217;ll also like<\/h2>\n\n<div class=\"wp-block-group has-global-padding is-layout-constrained wp-block-group-is-layout-constrained\">\n<div class=\"wp-block-columns is-layout-flex wp-container-core-columns-is-layout-28f84493 wp-block-columns-is-layout-flex\">\n<div class=\"wp-block-column is-layout-flow wp-block-column-is-layout-flow\" style=\"flex-basis:440px\">\n<figure class=\"wp-block-image size-full\"><img loading=\"lazy\" decoding=\"async\" width=\"440\" height=\"368\" src=\"https:\/\/valmartin.com\/wp-content\/uploads\/2024\/04\/Valmartin-Emmental-rape-petit.webp\" alt=\"\" class=\"wp-image-1078\" srcset=\"https:\/\/valmartin.com\/wp-content\/uploads\/2024\/04\/Valmartin-Emmental-rape-petit.webp 440w, https:\/\/valmartin.com\/wp-content\/uploads\/2024\/04\/Valmartin-Emmental-rape-petit-300x251.webp 300w\" sizes=\"auto, (max-width: 440px) 100vw, 440px\" \/><\/figure>\n\n\n\n<h5 class=\"wp-block-heading has-text-align-center\">Grated Emmental cheese<\/h5>\n\n\n\n<div class=\"wp-block-buttons is-content-justification-center is-layout-flex wp-container-core-buttons-is-layout-a89b3969 wp-block-buttons-is-layout-flex\">\n<div class=\"wp-block-button\"><a class=\"wp-block-button__link wp-element-button\" href=\"https:\/\/valmartin.com\/en\/?page_id=1724\">Discover<\/a><\/div>\n<\/div>\n<\/div>\n\n\n\n<div class=\"wp-block-column is-layout-flow wp-block-column-is-layout-flow\" style=\"flex-basis:60px\"><\/div>\n\n\n\n<div class=\"wp-block-column is-layout-flow wp-block-column-is-layout-flow\" style=\"flex-basis:440px\">\n<figure class=\"wp-block-image size-full\"><img loading=\"lazy\" decoding=\"async\" width=\"440\" height=\"368\" src=\"https:\/\/valmartin.com\/wp-content\/uploads\/2024\/04\/Valmartin-Duo-Mix-1KG.png\" alt=\"\" class=\"wp-image-873\" style=\"object-fit:cover\" srcset=\"https:\/\/valmartin.com\/wp-content\/uploads\/2024\/04\/Valmartin-Duo-Mix-1KG.png 440w, https:\/\/valmartin.com\/wp-content\/uploads\/2024\/04\/Valmartin-Duo-Mix-1KG-300x251.png 300w\" sizes=\"auto, (max-width: 440px) 100vw, 440px\" \/><\/figure>\n\n\n\n<h5 class=\"wp-block-heading has-text-align-center\"><strong>Duo-Mix\u00ae<\/strong><\/h5>\n\n\n\n<div class=\"wp-block-buttons is-content-justification-center is-layout-flex wp-container-core-buttons-is-layout-a89b3969 wp-block-buttons-is-layout-flex\">\n<div class=\"wp-block-button\"><a class=\"wp-block-button__link wp-element-button\" href=\"https:\/\/valmartin.com\/nos-produits\/duo-mix\/\">Discover<\/a><\/div>\n<\/div>\n<\/div>\n<\/div>\n<\/div>\n\n<section class=\"wp-block-group alignfull bg-elm-decorations has-global-padding is-content-justification-center is-layout-constrained wp-container-core-group-is-layout-5311c082 wp-block-group-is-layout-constrained has-background\" id=\"block-contact\" style=\"padding-right:var(--wp--preset--spacing--50);padding-left:var(--wp--preset--spacing--50);background-image:url(&#039;https:\/\/valmartin.com\/wp-content\/uploads\/2024\/03\/Groupe-228.png&#039;);background-size:cover;\">\n<div class=\"wp-block-group has-white-color has-text-color has-link-color wp-elements-1673f035b117e437d6c052f0bb2b2fc9 has-global-padding is-content-justification-left is-layout-constrained wp-container-core-group-is-layout-b5f38b39 wp-block-group-is-layout-constrained\" style=\"padding-right:0;padding-left:0\">\n<div class=\"wp-block-group has-white-color has-text-color has-link-color wp-elements-5c80d3200f1ce50086da426dcb980e33 is-vertical is-layout-flex wp-container-core-group-is-layout-364890b2 wp-block-group-is-layout-flex\" style=\"min-height:620px;padding-top:var(--wp--preset--spacing--50);padding-right:0;padding-bottom:var(--wp--preset--spacing--50);padding-left:0\">\n<h3 class=\"wp-block-heading has-text-align-left is-style-default has-white-color has-link-color\" style=\"text-transform: uppercase;\">Contact<\/h3>\n\n\n\n<p class=\"has-white-color has-link-color\">Need more information about our products? Don&#8217;t hesitate to contact us. We&#8217;ll get back to you as soon as possible!  <\/p>\n\n\n\n<div class=\"wp-block-buttons is-layout-flex wp-block-buttons-is-layout-flex\">\n<div class=\"wp-block-button btn-primary\"><a class=\"wp-block-button__link wp-element-button\" href=\"https:\/\/valmartin.com\/en\/?page_id=1705\">CONTACT US<\/a><\/div>\n<\/div>\n<\/div>\n<\/div>\n<\/section>\n","protected":false},"excerpt":{"rendered":"<p>Le R\u00e2p\u00e9 du Cr\u00e9mier Much more than just a grated cheese, R\u00e2p\u00e9 du Cr\u00e9mier was conceived and developed by Valmartin to meet the needs of customers looking for an economical alternative to Emmenthal, without compromising on quality. The star ingredient for all your gourmet creations! In a gratin or on pizza. Available in : You&#8217;ll [&hellip;]<\/p>\n","protected":false},"author":4,"featured_media":0,"parent":1714,"menu_order":0,"comment_status":"closed","ping_status":"closed","template":"page-no-title","meta":{"footnotes":""},"class_list":["post-1748","page","type-page","status-publish","hentry"],"yoast_head":"<!-- This site is optimized with the Yoast SEO plugin v25.0 - https:\/\/yoast.com\/wordpress\/plugins\/seo\/ -->\n<title>Le R\u00e2p\u00e9 du Cr\u00e9mier - Valmartin<\/title>\n<meta name=\"robots\" content=\"index, follow, max-snippet:-1, max-image-preview:large, max-video-preview:-1\" \/>\n<link rel=\"canonical\" href=\"https:\/\/valmartin.com\/en\/our-products\/le-rape-du-cremier\/\" \/>\n<meta property=\"og:locale\" content=\"en_US\" \/>\n<meta property=\"og:type\" content=\"article\" \/>\n<meta property=\"og:title\" content=\"Le R\u00e2p\u00e9 du Cr\u00e9mier - Valmartin\" \/>\n<meta property=\"og:description\" content=\"Le R\u00e2p\u00e9 du Cr\u00e9mier Much more than just a grated cheese, R\u00e2p\u00e9 du Cr\u00e9mier was conceived and developed by Valmartin to meet the needs of customers looking for an economical alternative to Emmenthal, without compromising on quality. The star ingredient for all your gourmet creations! In a gratin or on pizza. Available in : You&#8217;ll [&hellip;]\" \/>\n<meta property=\"og:url\" content=\"https:\/\/valmartin.com\/en\/our-products\/le-rape-du-cremier\/\" \/>\n<meta property=\"og:site_name\" content=\"Valmartin\" \/>\n<meta property=\"article:modified_time\" content=\"2025-05-12T07:39:53+00:00\" \/>\n<meta property=\"og:image\" content=\"https:\/\/valmartin.com\/wp-content\/uploads\/2024\/04\/Rape-du-Cremier-rape.png\" \/>\n\t<meta property=\"og:image:width\" content=\"1067\" \/>\n\t<meta property=\"og:image:height\" content=\"736\" \/>\n\t<meta property=\"og:image:type\" content=\"image\/png\" \/>\n<meta name=\"twitter:card\" content=\"summary_large_image\" \/>\n<script type=\"application\/ld+json\" class=\"yoast-schema-graph\">{\"@context\":\"https:\/\/schema.org\",\"@graph\":[{\"@type\":\"WebPage\",\"@id\":\"https:\/\/valmartin.com\/en\/our-products\/le-rape-du-cremier\/\",\"url\":\"https:\/\/valmartin.com\/en\/our-products\/le-rape-du-cremier\/\",\"name\":\"Le R\u00e2p\u00e9 du Cr\u00e9mier - Valmartin\",\"isPartOf\":{\"@id\":\"https:\/\/valmartin.com\/en\/#website\"},\"primaryImageOfPage\":{\"@id\":\"https:\/\/valmartin.com\/en\/our-products\/le-rape-du-cremier\/#primaryimage\"},\"image\":{\"@id\":\"https:\/\/valmartin.com\/en\/our-products\/le-rape-du-cremier\/#primaryimage\"},\"thumbnailUrl\":\"https:\/\/valmartin.com\/wp-content\/uploads\/2024\/04\/Rape-du-Cremier-rape.png\",\"datePublished\":\"2024-04-12T14:29:51+00:00\",\"dateModified\":\"2025-05-12T07:39:53+00:00\",\"breadcrumb\":{\"@id\":\"https:\/\/valmartin.com\/en\/our-products\/le-rape-du-cremier\/#breadcrumb\"},\"inLanguage\":\"en-US\",\"potentialAction\":[{\"@type\":\"ReadAction\",\"target\":[\"https:\/\/valmartin.com\/en\/our-products\/le-rape-du-cremier\/\"]}]},{\"@type\":\"ImageObject\",\"inLanguage\":\"en-US\",\"@id\":\"https:\/\/valmartin.com\/en\/our-products\/le-rape-du-cremier\/#primaryimage\",\"url\":\"https:\/\/valmartin.com\/wp-content\/uploads\/2024\/04\/Rape-du-Cremier-rape.png\",\"contentUrl\":\"https:\/\/valmartin.com\/wp-content\/uploads\/2024\/04\/Rape-du-Cremier-rape.png\"},{\"@type\":\"BreadcrumbList\",\"@id\":\"https:\/\/valmartin.com\/en\/our-products\/le-rape-du-cremier\/#breadcrumb\",\"itemListElement\":[{\"@type\":\"ListItem\",\"position\":1,\"name\":\"Accueil\",\"item\":\"https:\/\/valmartin.com\/en\/\"},{\"@type\":\"ListItem\",\"position\":2,\"name\":\"Our products\",\"item\":\"https:\/\/valmartin.com\/en\/nos-produits\/\"},{\"@type\":\"ListItem\",\"position\":3,\"name\":\"Le R\u00e2p\u00e9 du Cr\u00e9mier\"}]},{\"@type\":\"WebSite\",\"@id\":\"https:\/\/valmartin.com\/en\/#website\",\"url\":\"https:\/\/valmartin.com\/en\/\",\"name\":\"Valmartin\",\"description\":\"\",\"publisher\":{\"@id\":\"https:\/\/valmartin.com\/en\/#organization\"},\"potentialAction\":[{\"@type\":\"SearchAction\",\"target\":{\"@type\":\"EntryPoint\",\"urlTemplate\":\"https:\/\/valmartin.com\/en\/?s={search_term_string}\"},\"query-input\":{\"@type\":\"PropertyValueSpecification\",\"valueRequired\":true,\"valueName\":\"search_term_string\"}}],\"inLanguage\":\"en-US\"},{\"@type\":\"Organization\",\"@id\":\"https:\/\/valmartin.com\/en\/#organization\",\"name\":\"Valmartin\",\"url\":\"https:\/\/valmartin.com\/en\/\",\"logo\":{\"@type\":\"ImageObject\",\"inLanguage\":\"en-US\",\"@id\":\"https:\/\/valmartin.com\/en\/#\/schema\/logo\/image\/\",\"url\":\"https:\/\/valmartin.com\/wp-content\/uploads\/2024\/03\/Logo-Valmartin-1.webp\",\"contentUrl\":\"https:\/\/valmartin.com\/wp-content\/uploads\/2024\/03\/Logo-Valmartin-1.webp\",\"width\":1109,\"height\":632,\"caption\":\"Valmartin\"},\"image\":{\"@id\":\"https:\/\/valmartin.com\/en\/#\/schema\/logo\/image\/\"}}]}<\/script>\n<!-- \/ Yoast SEO plugin. -->","yoast_head_json":{"title":"Le R\u00e2p\u00e9 du Cr\u00e9mier - Valmartin","robots":{"index":"index","follow":"follow","max-snippet":"max-snippet:-1","max-image-preview":"max-image-preview:large","max-video-preview":"max-video-preview:-1"},"canonical":"https:\/\/valmartin.com\/en\/our-products\/le-rape-du-cremier\/","og_locale":"en_US","og_type":"article","og_title":"Le R\u00e2p\u00e9 du Cr\u00e9mier - Valmartin","og_description":"Le R\u00e2p\u00e9 du Cr\u00e9mier Much more than just a grated cheese, R\u00e2p\u00e9 du Cr\u00e9mier was conceived and developed by Valmartin to meet the needs of customers looking for an economical alternative to Emmenthal, without compromising on quality. The star ingredient for all your gourmet creations! In a gratin or on pizza. Available in : You&#8217;ll [&hellip;]","og_url":"https:\/\/valmartin.com\/en\/our-products\/le-rape-du-cremier\/","og_site_name":"Valmartin","article_modified_time":"2025-05-12T07:39:53+00:00","og_image":[{"width":1067,"height":736,"url":"https:\/\/valmartin.com\/wp-content\/uploads\/2024\/04\/Rape-du-Cremier-rape.png","type":"image\/png"}],"twitter_card":"summary_large_image","schema":{"@context":"https:\/\/schema.org","@graph":[{"@type":"WebPage","@id":"https:\/\/valmartin.com\/en\/our-products\/le-rape-du-cremier\/","url":"https:\/\/valmartin.com\/en\/our-products\/le-rape-du-cremier\/","name":"Le R\u00e2p\u00e9 du Cr\u00e9mier - Valmartin","isPartOf":{"@id":"https:\/\/valmartin.com\/en\/#website"},"primaryImageOfPage":{"@id":"https:\/\/valmartin.com\/en\/our-products\/le-rape-du-cremier\/#primaryimage"},"image":{"@id":"https:\/\/valmartin.com\/en\/our-products\/le-rape-du-cremier\/#primaryimage"},"thumbnailUrl":"https:\/\/valmartin.com\/wp-content\/uploads\/2024\/04\/Rape-du-Cremier-rape.png","datePublished":"2024-04-12T14:29:51+00:00","dateModified":"2025-05-12T07:39:53+00:00","breadcrumb":{"@id":"https:\/\/valmartin.com\/en\/our-products\/le-rape-du-cremier\/#breadcrumb"},"inLanguage":"en-US","potentialAction":[{"@type":"ReadAction","target":["https:\/\/valmartin.com\/en\/our-products\/le-rape-du-cremier\/"]}]},{"@type":"ImageObject","inLanguage":"en-US","@id":"https:\/\/valmartin.com\/en\/our-products\/le-rape-du-cremier\/#primaryimage","url":"https:\/\/valmartin.com\/wp-content\/uploads\/2024\/04\/Rape-du-Cremier-rape.png","contentUrl":"https:\/\/valmartin.com\/wp-content\/uploads\/2024\/04\/Rape-du-Cremier-rape.png"},{"@type":"BreadcrumbList","@id":"https:\/\/valmartin.com\/en\/our-products\/le-rape-du-cremier\/#breadcrumb","itemListElement":[{"@type":"ListItem","position":1,"name":"Accueil","item":"https:\/\/valmartin.com\/en\/"},{"@type":"ListItem","position":2,"name":"Our products","item":"https:\/\/valmartin.com\/en\/nos-produits\/"},{"@type":"ListItem","position":3,"name":"Le R\u00e2p\u00e9 du Cr\u00e9mier"}]},{"@type":"WebSite","@id":"https:\/\/valmartin.com\/en\/#website","url":"https:\/\/valmartin.com\/en\/","name":"Valmartin","description":"","publisher":{"@id":"https:\/\/valmartin.com\/en\/#organization"},"potentialAction":[{"@type":"SearchAction","target":{"@type":"EntryPoint","urlTemplate":"https:\/\/valmartin.com\/en\/?s={search_term_string}"},"query-input":{"@type":"PropertyValueSpecification","valueRequired":true,"valueName":"search_term_string"}}],"inLanguage":"en-US"},{"@type":"Organization","@id":"https:\/\/valmartin.com\/en\/#organization","name":"Valmartin","url":"https:\/\/valmartin.com\/en\/","logo":{"@type":"ImageObject","inLanguage":"en-US","@id":"https:\/\/valmartin.com\/en\/#\/schema\/logo\/image\/","url":"https:\/\/valmartin.com\/wp-content\/uploads\/2024\/03\/Logo-Valmartin-1.webp","contentUrl":"https:\/\/valmartin.com\/wp-content\/uploads\/2024\/03\/Logo-Valmartin-1.webp","width":1109,"height":632,"caption":"Valmartin"},"image":{"@id":"https:\/\/valmartin.com\/en\/#\/schema\/logo\/image\/"}}]}},"_links":{"self":[{"href":"https:\/\/valmartin.com\/en\/wp-json\/wp\/v2\/pages\/1748","targetHints":{"allow":["GET"]}}],"collection":[{"href":"https:\/\/valmartin.com\/en\/wp-json\/wp\/v2\/pages"}],"about":[{"href":"https:\/\/valmartin.com\/en\/wp-json\/wp\/v2\/types\/page"}],"author":[{"embeddable":true,"href":"https:\/\/valmartin.com\/en\/wp-json\/wp\/v2\/users\/4"}],"replies":[{"embeddable":true,"href":"https:\/\/valmartin.com\/en\/wp-json\/wp\/v2\/comments?post=1748"}],"version-history":[{"count":2,"href":"https:\/\/valmartin.com\/en\/wp-json\/wp\/v2\/pages\/1748\/revisions"}],"predecessor-version":[{"id":1751,"href":"https:\/\/valmartin.com\/en\/wp-json\/wp\/v2\/pages\/1748\/revisions\/1751"}],"up":[{"embeddable":true,"href":"https:\/\/valmartin.com\/en\/wp-json\/wp\/v2\/pages\/1714"}],"wp:attachment":[{"href":"https:\/\/valmartin.com\/en\/wp-json\/wp\/v2\/media?parent=1748"}],"curies":[{"name":"wp","href":"https:\/\/api.w.org\/{rel}","templated":true}]}}