{"id":1764,"date":"2024-04-12T14:29:51","date_gmt":"2024-04-12T14:29:51","guid":{"rendered":"https:\/\/valmartin.com\/onze-producten\/de-steengroeve\/"},"modified":"2025-05-12T07:40:08","modified_gmt":"2025-05-12T07:40:08","slug":"de-steengroeve","status":"publish","type":"page","link":"https:\/\/valmartin.com\/nl\/onze-producten\/de-steengroeve\/","title":{"rendered":"De steengroeve"},"content":{"rendered":"\n<div id=\"title-prod\" class=\"wp-block-group has-global-padding is-layout-constrained wp-block-group-is-layout-constrained\"><div class=\"yoast-breadcrumbs\"><span><span><a href=\"https:\/\/valmartin.com\/nl\/\">Accueil<\/a><\/span> \u2192 <span><a href=\"https:\/\/valmartin.com\/nl\/nos-produits\/\">Onze producten<\/a><\/span> \u2192 <span class=\"breadcrumb_last\" aria-current=\"page\">De steengroeve<\/span><\/span><\/div>\n\n\n<h1 class=\"wp-block-heading has-text-align-center\">De steengroeve<\/h1>\n<\/div>\n\n<p class=\"has-text-align-center\">R\u00e2p\u00e9 du Cr\u00e9mier is veel meer dan gewoon een geraspte kaas en is bedacht en ontwikkeld door Valmartin om tegemoet te komen aan de behoeften van klanten die op zoek zijn naar een economisch alternatief voor Emmenthal, zonder afbreuk te doen aan de kwaliteit.<\/p>\n\n<p class=\"has-text-align-center\">Het steringredi\u00ebnt voor al je gastronomische creaties! In een gratin of op een pizza. <\/p>\n\n<section class=\"wp-block-group has-global-padding is-content-justification-center is-layout-constrained wp-block-group-is-layout-constrained\">\n<figure class=\"wp-block-image size-full\"><img loading=\"lazy\" decoding=\"async\" width=\"1067\" height=\"736\" src=\"https:\/\/valmartin.com\/wp-content\/uploads\/2024\/04\/Rape-du-Cremier-rape.png\" alt=\"\" class=\"wp-image-1096\" srcset=\"https:\/\/valmartin.com\/wp-content\/uploads\/2024\/04\/Rape-du-Cremier-rape.png 1067w, https:\/\/valmartin.com\/wp-content\/uploads\/2024\/04\/Rape-du-Cremier-rape-300x207.png 300w, https:\/\/valmartin.com\/wp-content\/uploads\/2024\/04\/Rape-du-Cremier-rape-1024x706.png 1024w, https:\/\/valmartin.com\/wp-content\/uploads\/2024\/04\/Rape-du-Cremier-rape-768x530.png 768w\" sizes=\"auto, (max-width: 1067px) 100vw, 1067px\" \/><\/figure>\n<\/section>\n\n<div class=\"wp-block-columns is-layout-flex wp-container-core-columns-is-layout-28f84493 wp-block-columns-is-layout-flex\">\n<div class=\"wp-block-column is-layout-flow wp-block-column-is-layout-flow\" style=\"flex-basis:25%\"><\/div>\n\n\n\n<div class=\"wp-block-column is-layout-flow wp-block-column-is-layout-flow\" style=\"flex-basis:60%\">\n<p class=\"has-text-align-left\">Verkrijgbaar in :<\/p>\n\n\n\n<ul class=\"is-style-default wp-block-list\">\n<li>500g en 1 kg zakken<\/li>\n\n\n\n<li>standaard geraspt 2,2 mm<\/li>\n<\/ul>\n<\/div>\n\n\n\n<div class=\"wp-block-column is-layout-flow wp-block-column-is-layout-flow\" style=\"flex-basis:25%\"><\/div>\n<\/div>\n\n<h2 class=\"wp-block-heading has-text-align-center is-style-default\" style=\"padding-top:var(--wp--preset--spacing--60);padding-bottom:var(--wp--preset--spacing--30)\">Dit vind je misschien ook leuk<\/h2>\n\n<div class=\"wp-block-group has-global-padding is-layout-constrained wp-block-group-is-layout-constrained\">\n<div class=\"wp-block-columns is-layout-flex wp-container-core-columns-is-layout-28f84493 wp-block-columns-is-layout-flex\">\n<div class=\"wp-block-column is-layout-flow wp-block-column-is-layout-flow\" style=\"flex-basis:440px\">\n<figure class=\"wp-block-image size-full\"><img loading=\"lazy\" decoding=\"async\" width=\"440\" height=\"368\" src=\"https:\/\/valmartin.com\/wp-content\/uploads\/2024\/04\/Valmartin-Emmental-rape-petit.webp\" alt=\"\" class=\"wp-image-1078\" srcset=\"https:\/\/valmartin.com\/wp-content\/uploads\/2024\/04\/Valmartin-Emmental-rape-petit.webp 440w, https:\/\/valmartin.com\/wp-content\/uploads\/2024\/04\/Valmartin-Emmental-rape-petit-300x251.webp 300w\" sizes=\"auto, (max-width: 440px) 100vw, 440px\" \/><\/figure>\n\n\n\n<h5 class=\"wp-block-heading has-text-align-center\">Geraspte Emmentaler kaas<\/h5>\n\n\n\n<div class=\"wp-block-buttons is-content-justification-center is-layout-flex wp-container-core-buttons-is-layout-a89b3969 wp-block-buttons-is-layout-flex\">\n<div class=\"wp-block-button\"><a class=\"wp-block-button__link wp-element-button\" href=\"https:\/\/valmartin.com\/nl\/?page_id=1735\">Ontdek<\/a><\/div>\n<\/div>\n<\/div>\n\n\n\n<div class=\"wp-block-column is-layout-flow wp-block-column-is-layout-flow\" style=\"flex-basis:60px\"><\/div>\n\n\n\n<div class=\"wp-block-column is-layout-flow wp-block-column-is-layout-flow\" style=\"flex-basis:440px\">\n<figure class=\"wp-block-image size-full\"><img loading=\"lazy\" decoding=\"async\" width=\"440\" height=\"368\" src=\"https:\/\/valmartin.com\/wp-content\/uploads\/2024\/04\/Valmartin-Duo-Mix-1KG.png\" alt=\"\" class=\"wp-image-873\" style=\"object-fit:cover\" srcset=\"https:\/\/valmartin.com\/wp-content\/uploads\/2024\/04\/Valmartin-Duo-Mix-1KG.png 440w, https:\/\/valmartin.com\/wp-content\/uploads\/2024\/04\/Valmartin-Duo-Mix-1KG-300x251.png 300w\" sizes=\"auto, (max-width: 440px) 100vw, 440px\" \/><\/figure>\n\n\n\n<h5 class=\"wp-block-heading has-text-align-center\"><strong>Duo-Mix\u00ae<\/strong><\/h5>\n\n\n\n<div class=\"wp-block-buttons is-content-justification-center is-layout-flex wp-container-core-buttons-is-layout-a89b3969 wp-block-buttons-is-layout-flex\">\n<div class=\"wp-block-button\"><a class=\"wp-block-button__link wp-element-button\" href=\"https:\/\/valmartin.com\/nl\/?page_id=1747\">Ontdek<\/a><\/div>\n<\/div>\n<\/div>\n<\/div>\n<\/div>\n\n<section class=\"wp-block-group alignfull bg-elm-decorations has-global-padding is-content-justification-center is-layout-constrained wp-container-core-group-is-layout-5311c082 wp-block-group-is-layout-constrained has-background\" id=\"block-contact\" style=\"padding-right:var(--wp--preset--spacing--50);padding-left:var(--wp--preset--spacing--50);background-image:url(&#039;https:\/\/valmartin.com\/wp-content\/uploads\/2024\/03\/Groupe-228.png&#039;);background-size:cover;\">\n<div class=\"wp-block-group has-white-color has-text-color has-link-color wp-elements-35e4095d08cbdc19817924758fb82843 has-global-padding is-content-justification-left is-layout-constrained wp-container-core-group-is-layout-b5f38b39 wp-block-group-is-layout-constrained\" style=\"padding-right:0;padding-left:0\">\n<div class=\"wp-block-group has-white-color has-text-color has-link-color wp-elements-d26b1a0f2fbfc867f7034d5116879e22 is-vertical is-layout-flex wp-container-core-group-is-layout-364890b2 wp-block-group-is-layout-flex\" style=\"min-height:620px;padding-top:var(--wp--preset--spacing--50);padding-right:0;padding-bottom:var(--wp--preset--spacing--50);padding-left:0\">\n<h3 class=\"wp-block-heading has-text-align-left is-style-default has-white-color has-link-color\" style=\"text-transform: uppercase;\">Neem contact op met<\/h3>\n\n\n\n<p class=\"has-white-color has-link-color\">Meer informatie nodig over onze producten? Aarzel niet om contact met ons op te nemen. We nemen zo snel mogelijk contact met u op!  <\/p>\n\n\n\n<div class=\"wp-block-buttons is-layout-flex wp-block-buttons-is-layout-flex\">\n<div class=\"wp-block-button btn-primary\"><a class=\"wp-block-button__link wp-element-button\" href=\"https:\/\/valmartin.com\/nl\/?page_id=1690\">CONTACT ONS<\/a><\/div>\n<\/div>\n<\/div>\n<\/div>\n<\/section>\n","protected":false},"excerpt":{"rendered":"<p>De steengroeve R\u00e2p\u00e9 du Cr\u00e9mier is veel meer dan gewoon een geraspte kaas en is bedacht en ontwikkeld door Valmartin om tegemoet te komen aan de behoeften van klanten die op zoek zijn naar een economisch alternatief voor Emmenthal, zonder afbreuk te doen aan de kwaliteit. Het steringredi\u00ebnt voor al je gastronomische creaties! In een [&hellip;]<\/p>\n","protected":false},"author":4,"featured_media":0,"parent":1729,"menu_order":0,"comment_status":"closed","ping_status":"closed","template":"page-no-title","meta":{"footnotes":""},"class_list":["post-1764","page","type-page","status-publish","hentry"],"yoast_head":"<!-- This site is optimized with the Yoast SEO plugin v25.0 - https:\/\/yoast.com\/wordpress\/plugins\/seo\/ -->\n<title>De steengroeve - Valmartin<\/title>\n<meta name=\"robots\" content=\"index, follow, max-snippet:-1, max-image-preview:large, max-video-preview:-1\" \/>\n<link rel=\"canonical\" href=\"https:\/\/valmartin.com\/nl\/onze-producten\/de-steengroeve\/\" \/>\n<meta property=\"og:locale\" content=\"nl_NL\" \/>\n<meta property=\"og:type\" content=\"article\" \/>\n<meta property=\"og:title\" content=\"De steengroeve - Valmartin\" \/>\n<meta property=\"og:description\" content=\"De steengroeve R\u00e2p\u00e9 du Cr\u00e9mier is veel meer dan gewoon een geraspte kaas en is bedacht en ontwikkeld door Valmartin om tegemoet te komen aan de behoeften van klanten die op zoek zijn naar een economisch alternatief voor Emmenthal, zonder afbreuk te doen aan de kwaliteit. Het steringredi\u00ebnt voor al je gastronomische creaties! In een [&hellip;]\" \/>\n<meta property=\"og:url\" content=\"https:\/\/valmartin.com\/nl\/onze-producten\/de-steengroeve\/\" \/>\n<meta property=\"og:site_name\" content=\"Valmartin\" \/>\n<meta property=\"article:modified_time\" content=\"2025-05-12T07:40:08+00:00\" \/>\n<meta property=\"og:image\" content=\"https:\/\/valmartin.com\/wp-content\/uploads\/2024\/04\/Rape-du-Cremier-rape.png\" \/>\n\t<meta property=\"og:image:width\" content=\"1067\" \/>\n\t<meta property=\"og:image:height\" content=\"736\" \/>\n\t<meta property=\"og:image:type\" content=\"image\/png\" \/>\n<meta name=\"twitter:card\" content=\"summary_large_image\" \/>\n<script type=\"application\/ld+json\" class=\"yoast-schema-graph\">{\"@context\":\"https:\/\/schema.org\",\"@graph\":[{\"@type\":\"WebPage\",\"@id\":\"https:\/\/valmartin.com\/nl\/onze-producten\/de-steengroeve\/\",\"url\":\"https:\/\/valmartin.com\/nl\/onze-producten\/de-steengroeve\/\",\"name\":\"De steengroeve - Valmartin\",\"isPartOf\":{\"@id\":\"https:\/\/valmartin.com\/nl\/#website\"},\"primaryImageOfPage\":{\"@id\":\"https:\/\/valmartin.com\/nl\/onze-producten\/de-steengroeve\/#primaryimage\"},\"image\":{\"@id\":\"https:\/\/valmartin.com\/nl\/onze-producten\/de-steengroeve\/#primaryimage\"},\"thumbnailUrl\":\"https:\/\/valmartin.com\/wp-content\/uploads\/2024\/04\/Rape-du-Cremier-rape.png\",\"datePublished\":\"2024-04-12T14:29:51+00:00\",\"dateModified\":\"2025-05-12T07:40:08+00:00\",\"breadcrumb\":{\"@id\":\"https:\/\/valmartin.com\/nl\/onze-producten\/de-steengroeve\/#breadcrumb\"},\"inLanguage\":\"nl-NL\",\"potentialAction\":[{\"@type\":\"ReadAction\",\"target\":[\"https:\/\/valmartin.com\/nl\/onze-producten\/de-steengroeve\/\"]}]},{\"@type\":\"ImageObject\",\"inLanguage\":\"nl-NL\",\"@id\":\"https:\/\/valmartin.com\/nl\/onze-producten\/de-steengroeve\/#primaryimage\",\"url\":\"https:\/\/valmartin.com\/wp-content\/uploads\/2024\/04\/Rape-du-Cremier-rape.png\",\"contentUrl\":\"https:\/\/valmartin.com\/wp-content\/uploads\/2024\/04\/Rape-du-Cremier-rape.png\"},{\"@type\":\"BreadcrumbList\",\"@id\":\"https:\/\/valmartin.com\/nl\/onze-producten\/de-steengroeve\/#breadcrumb\",\"itemListElement\":[{\"@type\":\"ListItem\",\"position\":1,\"name\":\"Accueil\",\"item\":\"https:\/\/valmartin.com\/nl\/\"},{\"@type\":\"ListItem\",\"position\":2,\"name\":\"Onze producten\",\"item\":\"https:\/\/valmartin.com\/nl\/nos-produits\/\"},{\"@type\":\"ListItem\",\"position\":3,\"name\":\"De steengroeve\"}]},{\"@type\":\"WebSite\",\"@id\":\"https:\/\/valmartin.com\/nl\/#website\",\"url\":\"https:\/\/valmartin.com\/nl\/\",\"name\":\"Valmartin\",\"description\":\"\",\"publisher\":{\"@id\":\"https:\/\/valmartin.com\/nl\/#organization\"},\"potentialAction\":[{\"@type\":\"SearchAction\",\"target\":{\"@type\":\"EntryPoint\",\"urlTemplate\":\"https:\/\/valmartin.com\/nl\/?s={search_term_string}\"},\"query-input\":{\"@type\":\"PropertyValueSpecification\",\"valueRequired\":true,\"valueName\":\"search_term_string\"}}],\"inLanguage\":\"nl-NL\"},{\"@type\":\"Organization\",\"@id\":\"https:\/\/valmartin.com\/nl\/#organization\",\"name\":\"Valmartin\",\"url\":\"https:\/\/valmartin.com\/nl\/\",\"logo\":{\"@type\":\"ImageObject\",\"inLanguage\":\"nl-NL\",\"@id\":\"https:\/\/valmartin.com\/nl\/#\/schema\/logo\/image\/\",\"url\":\"https:\/\/valmartin.com\/wp-content\/uploads\/2024\/03\/Logo-Valmartin-1.webp\",\"contentUrl\":\"https:\/\/valmartin.com\/wp-content\/uploads\/2024\/03\/Logo-Valmartin-1.webp\",\"width\":1109,\"height\":632,\"caption\":\"Valmartin\"},\"image\":{\"@id\":\"https:\/\/valmartin.com\/nl\/#\/schema\/logo\/image\/\"}}]}<\/script>\n<!-- \/ Yoast SEO plugin. -->","yoast_head_json":{"title":"De steengroeve - Valmartin","robots":{"index":"index","follow":"follow","max-snippet":"max-snippet:-1","max-image-preview":"max-image-preview:large","max-video-preview":"max-video-preview:-1"},"canonical":"https:\/\/valmartin.com\/nl\/onze-producten\/de-steengroeve\/","og_locale":"nl_NL","og_type":"article","og_title":"De steengroeve - Valmartin","og_description":"De steengroeve R\u00e2p\u00e9 du Cr\u00e9mier is veel meer dan gewoon een geraspte kaas en is bedacht en ontwikkeld door Valmartin om tegemoet te komen aan de behoeften van klanten die op zoek zijn naar een economisch alternatief voor Emmenthal, zonder afbreuk te doen aan de kwaliteit. Het steringredi\u00ebnt voor al je gastronomische creaties! In een [&hellip;]","og_url":"https:\/\/valmartin.com\/nl\/onze-producten\/de-steengroeve\/","og_site_name":"Valmartin","article_modified_time":"2025-05-12T07:40:08+00:00","og_image":[{"width":1067,"height":736,"url":"https:\/\/valmartin.com\/wp-content\/uploads\/2024\/04\/Rape-du-Cremier-rape.png","type":"image\/png"}],"twitter_card":"summary_large_image","schema":{"@context":"https:\/\/schema.org","@graph":[{"@type":"WebPage","@id":"https:\/\/valmartin.com\/nl\/onze-producten\/de-steengroeve\/","url":"https:\/\/valmartin.com\/nl\/onze-producten\/de-steengroeve\/","name":"De steengroeve - Valmartin","isPartOf":{"@id":"https:\/\/valmartin.com\/nl\/#website"},"primaryImageOfPage":{"@id":"https:\/\/valmartin.com\/nl\/onze-producten\/de-steengroeve\/#primaryimage"},"image":{"@id":"https:\/\/valmartin.com\/nl\/onze-producten\/de-steengroeve\/#primaryimage"},"thumbnailUrl":"https:\/\/valmartin.com\/wp-content\/uploads\/2024\/04\/Rape-du-Cremier-rape.png","datePublished":"2024-04-12T14:29:51+00:00","dateModified":"2025-05-12T07:40:08+00:00","breadcrumb":{"@id":"https:\/\/valmartin.com\/nl\/onze-producten\/de-steengroeve\/#breadcrumb"},"inLanguage":"nl-NL","potentialAction":[{"@type":"ReadAction","target":["https:\/\/valmartin.com\/nl\/onze-producten\/de-steengroeve\/"]}]},{"@type":"ImageObject","inLanguage":"nl-NL","@id":"https:\/\/valmartin.com\/nl\/onze-producten\/de-steengroeve\/#primaryimage","url":"https:\/\/valmartin.com\/wp-content\/uploads\/2024\/04\/Rape-du-Cremier-rape.png","contentUrl":"https:\/\/valmartin.com\/wp-content\/uploads\/2024\/04\/Rape-du-Cremier-rape.png"},{"@type":"BreadcrumbList","@id":"https:\/\/valmartin.com\/nl\/onze-producten\/de-steengroeve\/#breadcrumb","itemListElement":[{"@type":"ListItem","position":1,"name":"Accueil","item":"https:\/\/valmartin.com\/nl\/"},{"@type":"ListItem","position":2,"name":"Onze producten","item":"https:\/\/valmartin.com\/nl\/nos-produits\/"},{"@type":"ListItem","position":3,"name":"De steengroeve"}]},{"@type":"WebSite","@id":"https:\/\/valmartin.com\/nl\/#website","url":"https:\/\/valmartin.com\/nl\/","name":"Valmartin","description":"","publisher":{"@id":"https:\/\/valmartin.com\/nl\/#organization"},"potentialAction":[{"@type":"SearchAction","target":{"@type":"EntryPoint","urlTemplate":"https:\/\/valmartin.com\/nl\/?s={search_term_string}"},"query-input":{"@type":"PropertyValueSpecification","valueRequired":true,"valueName":"search_term_string"}}],"inLanguage":"nl-NL"},{"@type":"Organization","@id":"https:\/\/valmartin.com\/nl\/#organization","name":"Valmartin","url":"https:\/\/valmartin.com\/nl\/","logo":{"@type":"ImageObject","inLanguage":"nl-NL","@id":"https:\/\/valmartin.com\/nl\/#\/schema\/logo\/image\/","url":"https:\/\/valmartin.com\/wp-content\/uploads\/2024\/03\/Logo-Valmartin-1.webp","contentUrl":"https:\/\/valmartin.com\/wp-content\/uploads\/2024\/03\/Logo-Valmartin-1.webp","width":1109,"height":632,"caption":"Valmartin"},"image":{"@id":"https:\/\/valmartin.com\/nl\/#\/schema\/logo\/image\/"}}]}},"_links":{"self":[{"href":"https:\/\/valmartin.com\/nl\/wp-json\/wp\/v2\/pages\/1764","targetHints":{"allow":["GET"]}}],"collection":[{"href":"https:\/\/valmartin.com\/nl\/wp-json\/wp\/v2\/pages"}],"about":[{"href":"https:\/\/valmartin.com\/nl\/wp-json\/wp\/v2\/types\/page"}],"author":[{"embeddable":true,"href":"https:\/\/valmartin.com\/nl\/wp-json\/wp\/v2\/users\/4"}],"replies":[{"embeddable":true,"href":"https:\/\/valmartin.com\/nl\/wp-json\/wp\/v2\/comments?post=1764"}],"version-history":[{"count":2,"href":"https:\/\/valmartin.com\/nl\/wp-json\/wp\/v2\/pages\/1764\/revisions"}],"predecessor-version":[{"id":1766,"href":"https:\/\/valmartin.com\/nl\/wp-json\/wp\/v2\/pages\/1764\/revisions\/1766"}],"up":[{"embeddable":true,"href":"https:\/\/valmartin.com\/nl\/wp-json\/wp\/v2\/pages\/1729"}],"wp:attachment":[{"href":"https:\/\/valmartin.com\/nl\/wp-json\/wp\/v2\/media?parent=1764"}],"curies":[{"name":"wp","href":"https:\/\/api.w.org\/{rel}","templated":true}]}}